{"id":29816,"date":"2025-11-10T10:44:40","date_gmt":"2025-11-10T09:44:40","guid":{"rendered":"https:\/\/www.ernstbrunn-apotheke.at\/katalog\/produkt\/tetesept-bronchial-bad-125-ml\/"},"modified":"2025-12-08T15:08:36","modified_gmt":"2025-12-08T14:08:36","slug":"tetesept-bronchial-bad-125-ml","status":"publish","type":"product","link":"https:\/\/www.ernstbrunn-apotheke.at\/katalog\/produkt\/tetesept-bronchial-bad-125-ml\/","title":{"rendered":"Tetesept Bronchial Bad 125 ml"},"content":{"rendered":"<p>Hochkonzentrierter Badezusatz mit wirksamen \u00e4therischen \u00d6len: + Thymian + Salbei + Minze + Eukalyptus. Hautpflegendes Schaumbad-Konzentrat mit R\u00fcckfettern. Hautvertr\u00e4glichkeit dermatologisch best\u00e4tigt. Frei von Paraffinen, Silikonen, Mineral\u00f6len, Parabenen.<\/p>\n","protected":false},"excerpt":{"rendered":"<p>Hochkonzentrierter Badezusatz mit wirksamen \u00e4therischen \u00d6len: + Thymian + Salbei + Minze + Eukalyptus. Hautpflegendes Schaumbad-Konzentrat mit R\u00fcckfettern. Hautvertr\u00e4glichkeit dermatologisch best\u00e4tigt. Frei von Paraffinen, Silikonen, Mineral\u00f6len, Parabenen.<\/p>\n","protected":false},"featured_media":29818,"template":"","meta":{"_acf_changed":false},"product_brand":[487],"product_cat":[798],"product_tag":[],"class_list":{"0":"post-29816","1":"product","2":"type-product","3":"status-publish","4":"has-post-thumbnail","6":"product_brand-tetesept","7":"product_cat-t","8":"pa_packungsgroesse-125ml","10":"first","11":"instock","12":"shipping-taxable","13":"purchasable","14":"product-type-simple"},"acf":[],"_links":{"self":[{"href":"https:\/\/www.ernstbrunn-apotheke.at\/katalog\/wp-json\/wp\/v2\/product\/29816","targetHints":{"allow":["GET"]}}],"collection":[{"href":"https:\/\/www.ernstbrunn-apotheke.at\/katalog\/wp-json\/wp\/v2\/product"}],"about":[{"href":"https:\/\/www.ernstbrunn-apotheke.at\/katalog\/wp-json\/wp\/v2\/types\/product"}],"wp:featuredmedia":[{"embeddable":true,"href":"https:\/\/www.ernstbrunn-apotheke.at\/katalog\/wp-json\/wp\/v2\/media\/29818"}],"wp:attachment":[{"href":"https:\/\/www.ernstbrunn-apotheke.at\/katalog\/wp-json\/wp\/v2\/media?parent=29816"}],"wp:term":[{"taxonomy":"product_brand","embeddable":true,"href":"https:\/\/www.ernstbrunn-apotheke.at\/katalog\/wp-json\/wp\/v2\/product_brand?post=29816"},{"taxonomy":"product_cat","embeddable":true,"href":"https:\/\/www.ernstbrunn-apotheke.at\/katalog\/wp-json\/wp\/v2\/product_cat?post=29816"},{"taxonomy":"product_tag","embeddable":true,"href":"https:\/\/www.ernstbrunn-apotheke.at\/katalog\/wp-json\/wp\/v2\/product_tag?post=29816"}],"curies":[{"name":"wp","href":"https:\/\/api.w.org\/{rel}","templated":true}]}}