{"id":29782,"date":"2025-11-10T10:43:53","date_gmt":"2025-11-10T09:43:53","guid":{"rendered":"https:\/\/www.ernstbrunn-apotheke.at\/katalog\/produkt\/cutimed-acute-cremeschaum-1-stk-hydro-125\/"},"modified":"2025-12-08T15:08:26","modified_gmt":"2025-12-08T14:08:26","slug":"cutimed-acute-cremeschaum-1-stk-hydro-125","status":"publish","type":"product","link":"https:\/\/www.ernstbrunn-apotheke.at\/katalog\/produkt\/cutimed-acute-cremeschaum-1-stk-hydro-125\/","title":{"rendered":"Cutimed Acute Cremeschaum 1 Stk. Hydro 125"},"content":{"rendered":"<p>Cutimed Acute Cremeschaum ist ein Cremeschaum auf Ureabasis, der medizinische Hautpflege und Schutz f\u00fcr stark beanspruchte Haut bietet. Der Schaum erm\u00f6glicht eine zuverl\u00e4ssige und wirksame Feuchtigkeitsversorgung verschiedener Hautzust\u00e4nde. erhalten Sie dieses Produkt in den Varianten Hydro und Intensiv.<\/p>\n","protected":false},"excerpt":{"rendered":"<p>Cutimed Acute Cremeschaum ist ein Cremeschaum auf Ureabasis, der medizinische Hautpflege und Schutz f\u00fcr stark beanspruchte Haut bietet. Der Schaum erm\u00f6glicht eine zuverl\u00e4ssige und wirksame Feuchtigkeitsversorgung verschiedener Hautzust\u00e4nde. erhalten Sie dieses Produkt in den Varianten Hydro und Intensiv.<\/p>\n","protected":false},"featured_media":29784,"template":"","meta":{"_acf_changed":false},"product_brand":[],"product_cat":[812],"product_tag":[],"class_list":{"0":"post-29782","1":"product","2":"type-product","3":"status-publish","4":"has-post-thumbnail","6":"product_cat-c","7":"pa_packungsgroesse-125ml","9":"first","10":"instock","11":"shipping-taxable","12":"purchasable","13":"product-type-simple"},"acf":[],"_links":{"self":[{"href":"https:\/\/www.ernstbrunn-apotheke.at\/katalog\/wp-json\/wp\/v2\/product\/29782","targetHints":{"allow":["GET"]}}],"collection":[{"href":"https:\/\/www.ernstbrunn-apotheke.at\/katalog\/wp-json\/wp\/v2\/product"}],"about":[{"href":"https:\/\/www.ernstbrunn-apotheke.at\/katalog\/wp-json\/wp\/v2\/types\/product"}],"wp:featuredmedia":[{"embeddable":true,"href":"https:\/\/www.ernstbrunn-apotheke.at\/katalog\/wp-json\/wp\/v2\/media\/29784"}],"wp:attachment":[{"href":"https:\/\/www.ernstbrunn-apotheke.at\/katalog\/wp-json\/wp\/v2\/media?parent=29782"}],"wp:term":[{"taxonomy":"product_brand","embeddable":true,"href":"https:\/\/www.ernstbrunn-apotheke.at\/katalog\/wp-json\/wp\/v2\/product_brand?post=29782"},{"taxonomy":"product_cat","embeddable":true,"href":"https:\/\/www.ernstbrunn-apotheke.at\/katalog\/wp-json\/wp\/v2\/product_cat?post=29782"},{"taxonomy":"product_tag","embeddable":true,"href":"https:\/\/www.ernstbrunn-apotheke.at\/katalog\/wp-json\/wp\/v2\/product_tag?post=29782"}],"curies":[{"name":"wp","href":"https:\/\/api.w.org\/{rel}","templated":true}]}}