{"id":29746,"date":"2025-11-10T10:43:09","date_gmt":"2025-11-10T09:43:09","guid":{"rendered":"https:\/\/www.ernstbrunn-apotheke.at\/katalog\/produkt\/tiroler-steinoel-duschgel-200-ml\/"},"modified":"2025-12-08T15:08:04","modified_gmt":"2025-12-08T14:08:04","slug":"tiroler-steinoel-duschgel-200-ml","status":"publish","type":"product","link":"https:\/\/www.ernstbrunn-apotheke.at\/katalog\/produkt\/tiroler-steinoel-duschgel-200-ml\/","title":{"rendered":"Tiroler Stein\u00f6l Duschgel 200 ml"},"content":{"rendered":"<p>Tiroler Stein\u00f6l Duschgel wirkt besonders hautsch\u00fctzend und pflegend durch hochwertige Inhaltsstoffe pflanzlichen Ursprungs sowie Vitamin E. F\u00fcr normale und empfindliche Haut, pH-hautneutral. Angenehm r\u00fcckfettende Wirkung, zur t\u00e4glichen Anwendung bestens geeignet<\/p>\n","protected":false},"excerpt":{"rendered":"<p>Tiroler Stein\u00f6l Duschgel wirkt besonders hautsch\u00fctzend und pflegend durch hochwertige Inhaltsstoffe pflanzlichen Ursprungs sowie Vitamin E. F\u00fcr normale und empfindliche Haut, pH-hautneutral. Angenehm r\u00fcckfettende Wirkung, zur t\u00e4glichen Anwendung bestens geeignet<\/p>\n","protected":false},"featured_media":29748,"template":"","meta":{"_acf_changed":false},"product_brand":[],"product_cat":[798],"product_tag":[],"class_list":{"0":"post-29746","1":"product","2":"type-product","3":"status-publish","4":"has-post-thumbnail","6":"product_cat-t","7":"pa_packungsgroesse-200ml","9":"first","10":"instock","11":"shipping-taxable","12":"purchasable","13":"product-type-simple"},"acf":[],"_links":{"self":[{"href":"https:\/\/www.ernstbrunn-apotheke.at\/katalog\/wp-json\/wp\/v2\/product\/29746","targetHints":{"allow":["GET"]}}],"collection":[{"href":"https:\/\/www.ernstbrunn-apotheke.at\/katalog\/wp-json\/wp\/v2\/product"}],"about":[{"href":"https:\/\/www.ernstbrunn-apotheke.at\/katalog\/wp-json\/wp\/v2\/types\/product"}],"wp:featuredmedia":[{"embeddable":true,"href":"https:\/\/www.ernstbrunn-apotheke.at\/katalog\/wp-json\/wp\/v2\/media\/29748"}],"wp:attachment":[{"href":"https:\/\/www.ernstbrunn-apotheke.at\/katalog\/wp-json\/wp\/v2\/media?parent=29746"}],"wp:term":[{"taxonomy":"product_brand","embeddable":true,"href":"https:\/\/www.ernstbrunn-apotheke.at\/katalog\/wp-json\/wp\/v2\/product_brand?post=29746"},{"taxonomy":"product_cat","embeddable":true,"href":"https:\/\/www.ernstbrunn-apotheke.at\/katalog\/wp-json\/wp\/v2\/product_cat?post=29746"},{"taxonomy":"product_tag","embeddable":true,"href":"https:\/\/www.ernstbrunn-apotheke.at\/katalog\/wp-json\/wp\/v2\/product_tag?post=29746"}],"curies":[{"name":"wp","href":"https:\/\/api.w.org\/{rel}","templated":true}]}}