{"id":29743,"date":"2025-11-10T10:43:09","date_gmt":"2025-11-10T09:43:09","guid":{"rendered":"https:\/\/www.ernstbrunn-apotheke.at\/katalog\/produkt\/medipharma-cosmetics-nachtkerzen-balsam-hautzart-200-ml\/"},"modified":"2025-12-08T15:08:02","modified_gmt":"2025-12-08T14:08:02","slug":"medipharma-cosmetics-nachtkerzen-balsam-hautzart-200-ml","status":"publish","type":"product","link":"https:\/\/www.ernstbrunn-apotheke.at\/katalog\/produkt\/medipharma-cosmetics-nachtkerzen-balsam-hautzart-200-ml\/","title":{"rendered":"Medipharma Cosmetics Nachtkerzen Balsam hautzart 200 ml"},"content":{"rendered":"<p>Medipharma Cosmetics Nachtkerzen Balsam hautzart beruhigt und pflegt trockene, sensible Haut mit reinem Nachtkerzen\u00f6l, wertvollem Kamelien\u00f6l und feuchtigkeitsspendenden Essenzen. F\u00fcr streichelzarte Haut.<\/p>\n","protected":false},"excerpt":{"rendered":"<p>Medipharma Cosmetics Nachtkerzen Balsam hautzart beruhigt und pflegt trockene, sensible Haut mit reinem Nachtkerzen\u00f6l, wertvollem Kamelien\u00f6l und feuchtigkeitsspendenden Essenzen. F\u00fcr streichelzarte Haut.<\/p>\n","protected":false},"featured_media":29745,"template":"","meta":{"_acf_changed":false},"product_brand":[715],"product_cat":[800],"product_tag":[],"class_list":{"0":"post-29743","1":"product","2":"type-product","3":"status-publish","4":"has-post-thumbnail","6":"product_brand-theiss","7":"product_cat-m","8":"pa_packungsgroesse-200ml","10":"first","11":"instock","12":"shipping-taxable","13":"purchasable","14":"product-type-simple"},"acf":[],"_links":{"self":[{"href":"https:\/\/www.ernstbrunn-apotheke.at\/katalog\/wp-json\/wp\/v2\/product\/29743","targetHints":{"allow":["GET"]}}],"collection":[{"href":"https:\/\/www.ernstbrunn-apotheke.at\/katalog\/wp-json\/wp\/v2\/product"}],"about":[{"href":"https:\/\/www.ernstbrunn-apotheke.at\/katalog\/wp-json\/wp\/v2\/types\/product"}],"wp:featuredmedia":[{"embeddable":true,"href":"https:\/\/www.ernstbrunn-apotheke.at\/katalog\/wp-json\/wp\/v2\/media\/29745"}],"wp:attachment":[{"href":"https:\/\/www.ernstbrunn-apotheke.at\/katalog\/wp-json\/wp\/v2\/media?parent=29743"}],"wp:term":[{"taxonomy":"product_brand","embeddable":true,"href":"https:\/\/www.ernstbrunn-apotheke.at\/katalog\/wp-json\/wp\/v2\/product_brand?post=29743"},{"taxonomy":"product_cat","embeddable":true,"href":"https:\/\/www.ernstbrunn-apotheke.at\/katalog\/wp-json\/wp\/v2\/product_cat?post=29743"},{"taxonomy":"product_tag","embeddable":true,"href":"https:\/\/www.ernstbrunn-apotheke.at\/katalog\/wp-json\/wp\/v2\/product_tag?post=29743"}],"curies":[{"name":"wp","href":"https:\/\/api.w.org\/{rel}","templated":true}]}}