{"id":29729,"date":"2025-11-10T10:43:09","date_gmt":"2025-11-10T09:43:09","guid":{"rendered":"https:\/\/www.ernstbrunn-apotheke.at\/katalog\/produkt\/guam-algascrub-koerperpeeling-700-g\/"},"modified":"2025-12-08T15:08:00","modified_gmt":"2025-12-08T14:08:00","slug":"guam-algascrub-koerperpeeling-700-g","status":"publish","type":"product","link":"https:\/\/www.ernstbrunn-apotheke.at\/katalog\/produkt\/guam-algascrub-koerperpeeling-700-g\/","title":{"rendered":"Guam Algascrub K\u00f6rperpeeling 700 g"},"content":{"rendered":"<p>Guam Algascrub K\u00f6rperpeeling verleiht absolutes Wohlbefinden und eine frische, mit Feuchtigkeit durchtr\u00e4nkte Haut. Ein bis zweimal w\u00f6chentlich angewendet, pflegt dieses Peeling die Haut und macht sie samtig weich. Aromatherapie und Peeling in einer Anwendung. Ohne Farb- und Konservierungsstoffe.<\/p>\n","protected":false},"excerpt":{"rendered":"<p>Guam Algascrub K\u00f6rperpeeling verleiht absolutes Wohlbefinden und eine frische, mit Feuchtigkeit durchtr\u00e4nkte Haut. Ein bis zweimal w\u00f6chentlich angewendet, pflegt dieses Peeling die Haut und macht sie samtig weich. Aromatherapie und Peeling in einer Anwendung. Ohne Farb- und Konservierungsstoffe.<\/p>\n","protected":false},"featured_media":29731,"template":"","meta":{"_acf_changed":false},"product_brand":[],"product_cat":[810],"product_tag":[],"class_list":{"0":"post-29729","1":"product","2":"type-product","3":"status-publish","4":"has-post-thumbnail","6":"product_cat-g","7":"pa_packungsgroesse-700g","9":"first","10":"instock","11":"shipping-taxable","12":"purchasable","13":"product-type-simple"},"acf":[],"_links":{"self":[{"href":"https:\/\/www.ernstbrunn-apotheke.at\/katalog\/wp-json\/wp\/v2\/product\/29729","targetHints":{"allow":["GET"]}}],"collection":[{"href":"https:\/\/www.ernstbrunn-apotheke.at\/katalog\/wp-json\/wp\/v2\/product"}],"about":[{"href":"https:\/\/www.ernstbrunn-apotheke.at\/katalog\/wp-json\/wp\/v2\/types\/product"}],"wp:featuredmedia":[{"embeddable":true,"href":"https:\/\/www.ernstbrunn-apotheke.at\/katalog\/wp-json\/wp\/v2\/media\/29731"}],"wp:attachment":[{"href":"https:\/\/www.ernstbrunn-apotheke.at\/katalog\/wp-json\/wp\/v2\/media?parent=29729"}],"wp:term":[{"taxonomy":"product_brand","embeddable":true,"href":"https:\/\/www.ernstbrunn-apotheke.at\/katalog\/wp-json\/wp\/v2\/product_brand?post=29729"},{"taxonomy":"product_cat","embeddable":true,"href":"https:\/\/www.ernstbrunn-apotheke.at\/katalog\/wp-json\/wp\/v2\/product_cat?post=29729"},{"taxonomy":"product_tag","embeddable":true,"href":"https:\/\/www.ernstbrunn-apotheke.at\/katalog\/wp-json\/wp\/v2\/product_tag?post=29729"}],"curies":[{"name":"wp","href":"https:\/\/api.w.org\/{rel}","templated":true}]}}