{"id":29719,"date":"2025-11-10T10:43:09","date_gmt":"2025-11-10T09:43:09","guid":{"rendered":"https:\/\/www.ernstbrunn-apotheke.at\/katalog\/produkt\/sebamed-trockene-haut-lotion-urea-akut-10-200-ml\/"},"modified":"2025-12-08T15:07:58","modified_gmt":"2025-12-08T14:07:58","slug":"sebamed-trockene-haut-lotion-urea-akut-10-200-ml","status":"publish","type":"product","link":"https:\/\/www.ernstbrunn-apotheke.at\/katalog\/produkt\/sebamed-trockene-haut-lotion-urea-akut-10-200-ml\/","title":{"rendered":"Sebamed Trockene Haut Lotion Urea Akut 10% 200 ml"},"content":{"rendered":"<p>Hochkonzentrierter Harnstoff in sebamed TROCKENE HAUT Lotion Urea Akut 10% ist ein hautverwandter, nat\u00fcrlicher Feuchthaltefaktor, der \u00fcberm\u00e4\u00dfigen Wasserverlust der Haut verhindert und so nachhaltig hydratisierend wirkt. Zudem unterst\u00fctzt Harnstoff die nat\u00fcrliche Abschuppung der Haut und tr\u00e4gt zur angenehmen Gl\u00e4ttung rauer Haut bei.<\/p>\n","protected":false},"excerpt":{"rendered":"<p>Hochkonzentrierter Harnstoff in sebamed TROCKENE HAUT Lotion Urea Akut 10% ist ein hautverwandter, nat\u00fcrlicher Feuchthaltefaktor, der \u00fcberm\u00e4\u00dfigen Wasserverlust der Haut verhindert und so nachhaltig hydratisierend wirkt. Zudem unterst\u00fctzt Harnstoff die nat\u00fcrliche Abschuppung der Haut und tr\u00e4gt zur angenehmen Gl\u00e4ttung rauer Haut bei.<\/p>\n","protected":false},"featured_media":29721,"template":"","meta":{"_acf_changed":false},"product_brand":[737],"product_cat":[791],"product_tag":[],"class_list":{"0":"post-29719","1":"product","2":"type-product","3":"status-publish","4":"has-post-thumbnail","6":"product_brand-sebamed","7":"product_cat-s","8":"pa_packungsgroesse-200ml","10":"first","11":"instock","12":"shipping-taxable","13":"purchasable","14":"product-type-simple"},"acf":[],"_links":{"self":[{"href":"https:\/\/www.ernstbrunn-apotheke.at\/katalog\/wp-json\/wp\/v2\/product\/29719","targetHints":{"allow":["GET"]}}],"collection":[{"href":"https:\/\/www.ernstbrunn-apotheke.at\/katalog\/wp-json\/wp\/v2\/product"}],"about":[{"href":"https:\/\/www.ernstbrunn-apotheke.at\/katalog\/wp-json\/wp\/v2\/types\/product"}],"wp:featuredmedia":[{"embeddable":true,"href":"https:\/\/www.ernstbrunn-apotheke.at\/katalog\/wp-json\/wp\/v2\/media\/29721"}],"wp:attachment":[{"href":"https:\/\/www.ernstbrunn-apotheke.at\/katalog\/wp-json\/wp\/v2\/media?parent=29719"}],"wp:term":[{"taxonomy":"product_brand","embeddable":true,"href":"https:\/\/www.ernstbrunn-apotheke.at\/katalog\/wp-json\/wp\/v2\/product_brand?post=29719"},{"taxonomy":"product_cat","embeddable":true,"href":"https:\/\/www.ernstbrunn-apotheke.at\/katalog\/wp-json\/wp\/v2\/product_cat?post=29719"},{"taxonomy":"product_tag","embeddable":true,"href":"https:\/\/www.ernstbrunn-apotheke.at\/katalog\/wp-json\/wp\/v2\/product_tag?post=29719"}],"curies":[{"name":"wp","href":"https:\/\/api.w.org\/{rel}","templated":true}]}}