{"id":29717,"date":"2025-11-10T10:43:09","date_gmt":"2025-11-10T09:43:09","guid":{"rendered":"https:\/\/www.ernstbrunn-apotheke.at\/katalog\/produkt\/plantawell-koerpercreme-500-ml-avocado\/"},"modified":"2025-12-08T15:07:57","modified_gmt":"2025-12-08T14:07:57","slug":"plantawell-koerpercreme-500-ml-avocado","status":"publish","type":"product","link":"https:\/\/www.ernstbrunn-apotheke.at\/katalog\/produkt\/plantawell-koerpercreme-500-ml-avocado\/","title":{"rendered":"Plantawell K\u00f6rpercreme 500 ml Avocado"},"content":{"rendered":"<p>Plantawell K\u00f6rpercreme versorgt die Haut mit wichtigen N\u00e4hrstoffen, um sie lange gesund zu halten. Die Creme wird unter hohen Qualit\u00e4tsstandards hergestellt<\/p>\n","protected":false},"excerpt":{"rendered":"<p>Plantawell K\u00f6rpercreme versorgt die Haut mit wichtigen N\u00e4hrstoffen, um sie lange gesund zu halten. Die Creme wird unter hohen Qualit\u00e4tsstandards hergestellt<\/p>\n","protected":false},"featured_media":0,"template":"","meta":{"_acf_changed":false},"product_brand":[],"product_cat":[793],"product_tag":[],"class_list":{"0":"post-29717","1":"product","2":"type-product","3":"status-publish","5":"product_cat-p","6":"pa_packungsgroesse-500ml","8":"first","9":"instock","10":"shipping-taxable","11":"purchasable","12":"product-type-simple"},"acf":[],"_links":{"self":[{"href":"https:\/\/www.ernstbrunn-apotheke.at\/katalog\/wp-json\/wp\/v2\/product\/29717","targetHints":{"allow":["GET"]}}],"collection":[{"href":"https:\/\/www.ernstbrunn-apotheke.at\/katalog\/wp-json\/wp\/v2\/product"}],"about":[{"href":"https:\/\/www.ernstbrunn-apotheke.at\/katalog\/wp-json\/wp\/v2\/types\/product"}],"wp:attachment":[{"href":"https:\/\/www.ernstbrunn-apotheke.at\/katalog\/wp-json\/wp\/v2\/media?parent=29717"}],"wp:term":[{"taxonomy":"product_brand","embeddable":true,"href":"https:\/\/www.ernstbrunn-apotheke.at\/katalog\/wp-json\/wp\/v2\/product_brand?post=29717"},{"taxonomy":"product_cat","embeddable":true,"href":"https:\/\/www.ernstbrunn-apotheke.at\/katalog\/wp-json\/wp\/v2\/product_cat?post=29717"},{"taxonomy":"product_tag","embeddable":true,"href":"https:\/\/www.ernstbrunn-apotheke.at\/katalog\/wp-json\/wp\/v2\/product_tag?post=29717"}],"curies":[{"name":"wp","href":"https:\/\/api.w.org\/{rel}","templated":true}]}}