{"id":29693,"date":"2025-11-10T10:42:20","date_gmt":"2025-11-10T09:42:20","guid":{"rendered":"https:\/\/www.ernstbrunn-apotheke.at\/katalog\/produkt\/enzborn-melkfett-extrakt-plus-250-ml-ringelblume\/"},"modified":"2025-12-08T15:07:51","modified_gmt":"2025-12-08T14:07:51","slug":"enzborn-melkfett-extrakt-plus-250-ml-ringelblume","status":"publish","type":"product","link":"https:\/\/www.ernstbrunn-apotheke.at\/katalog\/produkt\/enzborn-melkfett-extrakt-plus-250-ml-ringelblume\/","title":{"rendered":"Enzborn Melkfett Extrakt plus 250 ml Ringelblume"},"content":{"rendered":"<p>Enzborn Melkfett Extrakt plus st\u00e4rkt die nat\u00fcrliche Schutz- und Barrierefunktion der Haut. Der Feuchtigkeitshaushalt der Haut wird positiv reguliert, ein Austrocknen und Ausk\u00fchlen wird vermieden. Als d\u00fcnner Film aufgetragen sch\u00fctzt es gegen N\u00e4sse, Fl\u00fcssigkeiten, Schmutz und Umwelteinfl\u00fcssen. Dieses Produkt erhalten Sie in den Varianten Jojoba, Ringelblume und Teebaum in Packungen \u00e1 250 ml.<\/p>\n","protected":false},"excerpt":{"rendered":"<p>Enzborn Melkfett Extrakt plus st\u00e4rkt die nat\u00fcrliche Schutz- und Barrierefunktion der Haut. Der Feuchtigkeitshaushalt der Haut wird positiv reguliert, ein Austrocknen und Ausk\u00fchlen wird vermieden. Als d\u00fcnner Film aufgetragen sch\u00fctzt es gegen N\u00e4sse, Fl\u00fcssigkeiten, Schmutz und Umwelteinfl\u00fcssen. Dieses Produkt erhalten Sie in den Varianten Jojoba, Ringelblume und Teebaum in Packungen \u00e1 250 ml.<\/p>\n","protected":false},"featured_media":29695,"template":"","meta":{"_acf_changed":false},"product_brand":[651],"product_cat":[794],"product_tag":[],"class_list":{"0":"post-29693","1":"product","2":"type-product","3":"status-publish","4":"has-post-thumbnail","6":"product_brand-enzborn","7":"product_cat-e","8":"pa_packungsgroesse-250ml","10":"first","11":"instock","12":"shipping-taxable","13":"purchasable","14":"product-type-simple"},"acf":[],"_links":{"self":[{"href":"https:\/\/www.ernstbrunn-apotheke.at\/katalog\/wp-json\/wp\/v2\/product\/29693","targetHints":{"allow":["GET"]}}],"collection":[{"href":"https:\/\/www.ernstbrunn-apotheke.at\/katalog\/wp-json\/wp\/v2\/product"}],"about":[{"href":"https:\/\/www.ernstbrunn-apotheke.at\/katalog\/wp-json\/wp\/v2\/types\/product"}],"wp:featuredmedia":[{"embeddable":true,"href":"https:\/\/www.ernstbrunn-apotheke.at\/katalog\/wp-json\/wp\/v2\/media\/29695"}],"wp:attachment":[{"href":"https:\/\/www.ernstbrunn-apotheke.at\/katalog\/wp-json\/wp\/v2\/media?parent=29693"}],"wp:term":[{"taxonomy":"product_brand","embeddable":true,"href":"https:\/\/www.ernstbrunn-apotheke.at\/katalog\/wp-json\/wp\/v2\/product_brand?post=29693"},{"taxonomy":"product_cat","embeddable":true,"href":"https:\/\/www.ernstbrunn-apotheke.at\/katalog\/wp-json\/wp\/v2\/product_cat?post=29693"},{"taxonomy":"product_tag","embeddable":true,"href":"https:\/\/www.ernstbrunn-apotheke.at\/katalog\/wp-json\/wp\/v2\/product_tag?post=29693"}],"curies":[{"name":"wp","href":"https:\/\/api.w.org\/{rel}","templated":true}]}}