{"id":29677,"date":"2025-11-10T10:42:20","date_gmt":"2025-11-10T09:42:20","guid":{"rendered":"https:\/\/www.ernstbrunn-apotheke.at\/katalog\/produkt\/guam-fango-creme-fresco-kuehlend-250-ml\/"},"modified":"2025-12-08T15:07:46","modified_gmt":"2025-12-08T14:07:46","slug":"guam-fango-creme-fresco-kuehlend-250-ml","status":"publish","type":"product","link":"https:\/\/www.ernstbrunn-apotheke.at\/katalog\/produkt\/guam-fango-creme-fresco-kuehlend-250-ml\/","title":{"rendered":"Guam Fango Creme Fresco k\u00fchlend 250 ml"},"content":{"rendered":"<p>Guam Fango Creme Fresco k\u00fchlend ist eine samtweiche Creme mit erfrischender Wirkung. Sie wurde eigens entwickelt, um Cellulite bedingten Sch\u00f6nheitsfehlern der Haut auf sp\u00fcrbare und sichtbare Weise entgegenzuwirken.<\/p>\n","protected":false},"excerpt":{"rendered":"<p>Guam Fango Creme Fresco k\u00fchlend ist eine samtweiche Creme mit erfrischender Wirkung. Sie wurde eigens entwickelt, um Cellulite bedingten Sch\u00f6nheitsfehlern der Haut auf sp\u00fcrbare und sichtbare Weise entgegenzuwirken.<\/p>\n","protected":false},"featured_media":29679,"template":"","meta":{"_acf_changed":false},"product_brand":[],"product_cat":[810],"product_tag":[],"class_list":{"0":"post-29677","1":"product","2":"type-product","3":"status-publish","4":"has-post-thumbnail","6":"product_cat-g","7":"pa_packungsgroesse-250ml","9":"first","10":"instock","11":"shipping-taxable","12":"purchasable","13":"product-type-simple"},"acf":[],"_links":{"self":[{"href":"https:\/\/www.ernstbrunn-apotheke.at\/katalog\/wp-json\/wp\/v2\/product\/29677","targetHints":{"allow":["GET"]}}],"collection":[{"href":"https:\/\/www.ernstbrunn-apotheke.at\/katalog\/wp-json\/wp\/v2\/product"}],"about":[{"href":"https:\/\/www.ernstbrunn-apotheke.at\/katalog\/wp-json\/wp\/v2\/types\/product"}],"wp:featuredmedia":[{"embeddable":true,"href":"https:\/\/www.ernstbrunn-apotheke.at\/katalog\/wp-json\/wp\/v2\/media\/29679"}],"wp:attachment":[{"href":"https:\/\/www.ernstbrunn-apotheke.at\/katalog\/wp-json\/wp\/v2\/media?parent=29677"}],"wp:term":[{"taxonomy":"product_brand","embeddable":true,"href":"https:\/\/www.ernstbrunn-apotheke.at\/katalog\/wp-json\/wp\/v2\/product_brand?post=29677"},{"taxonomy":"product_cat","embeddable":true,"href":"https:\/\/www.ernstbrunn-apotheke.at\/katalog\/wp-json\/wp\/v2\/product_cat?post=29677"},{"taxonomy":"product_tag","embeddable":true,"href":"https:\/\/www.ernstbrunn-apotheke.at\/katalog\/wp-json\/wp\/v2\/product_tag?post=29677"}],"curies":[{"name":"wp","href":"https:\/\/api.w.org\/{rel}","templated":true}]}}