{"id":29598,"date":"2025-11-10T10:40:25","date_gmt":"2025-11-10T09:40:25","guid":{"rendered":"https:\/\/www.ernstbrunn-apotheke.at\/katalog\/produkt\/nuxe-huile-prodigieuse-riche-naehrendes-multifunktions-oel-fuer-haut-haare-100-ml\/"},"modified":"2025-12-08T15:07:22","modified_gmt":"2025-12-08T14:07:22","slug":"nuxe-huile-prodigieuse-riche-naehrendes-multifunktions-oel-fuer-haut-haare-100-ml","status":"publish","type":"product","link":"https:\/\/www.ernstbrunn-apotheke.at\/katalog\/produkt\/nuxe-huile-prodigieuse-riche-naehrendes-multifunktions-oel-fuer-haut-haare-100-ml\/","title":{"rendered":"Nuxe Huile Prodigieuse Riche N\u00e4hrendes Multifunktions-\u00d6l f\u00fcr Haut &#038; Haare 100 ml"},"content":{"rendered":"<p>Nuxe, der Pionier im Trocken\u00f6lbereich, bietet ab sofort auch eine ideale Pflege f\u00fcr Frauen mit sehr trockener Haut: Huile Prodigieuse Riche \u2013 Genuss pur.Dieses reichhaltige \u00d6l im Sprayformat n\u00e4hrt, repariert und sorgt f\u00fcr seidige Haut. Es pflegt intensiv und vermittelt gleichzeitig puren Anwendungsgenuss. Das \u00d6l zieht im Handumdrehen ein und die Haut wird intensiv gen\u00e4hrt, sodass sie sich angenehmer und weicher anf\u00fchlt. Au\u00dferdem sorgt dieses feuchtigkeitsspendende, n\u00e4hrende \u00d6l f\u00fcr gl\u00e4nzendes, geschmeidiges Haar.<\/p>\n","protected":false},"excerpt":{"rendered":"<p>Nuxe, der Pionier im Trocken\u00f6lbereich, bietet ab sofort auch eine ideale Pflege f\u00fcr Frauen mit sehr trockener Haut: Huile Prodigieuse Riche \u2013 Genuss pur.Dieses reichhaltige \u00d6l im Sprayformat n\u00e4hrt, repariert und sorgt f\u00fcr seidige Haut. Es pflegt intensiv und vermittelt gleichzeitig puren Anwendungsgenuss. Das \u00d6l zieht im Handumdrehen ein und die Haut wird intensiv gen\u00e4hrt, [&hellip;]<\/p>\n","protected":false},"featured_media":29600,"template":"","meta":{"_acf_changed":false},"product_brand":[705],"product_cat":[797],"product_tag":[],"class_list":{"0":"post-29598","1":"product","2":"type-product","3":"status-publish","4":"has-post-thumbnail","6":"product_brand-nuxe","7":"product_cat-n","8":"pa_packungsgroesse-100ml","10":"first","11":"instock","12":"shipping-taxable","13":"purchasable","14":"product-type-simple"},"acf":[],"_links":{"self":[{"href":"https:\/\/www.ernstbrunn-apotheke.at\/katalog\/wp-json\/wp\/v2\/product\/29598","targetHints":{"allow":["GET"]}}],"collection":[{"href":"https:\/\/www.ernstbrunn-apotheke.at\/katalog\/wp-json\/wp\/v2\/product"}],"about":[{"href":"https:\/\/www.ernstbrunn-apotheke.at\/katalog\/wp-json\/wp\/v2\/types\/product"}],"wp:featuredmedia":[{"embeddable":true,"href":"https:\/\/www.ernstbrunn-apotheke.at\/katalog\/wp-json\/wp\/v2\/media\/29600"}],"wp:attachment":[{"href":"https:\/\/www.ernstbrunn-apotheke.at\/katalog\/wp-json\/wp\/v2\/media?parent=29598"}],"wp:term":[{"taxonomy":"product_brand","embeddable":true,"href":"https:\/\/www.ernstbrunn-apotheke.at\/katalog\/wp-json\/wp\/v2\/product_brand?post=29598"},{"taxonomy":"product_cat","embeddable":true,"href":"https:\/\/www.ernstbrunn-apotheke.at\/katalog\/wp-json\/wp\/v2\/product_cat?post=29598"},{"taxonomy":"product_tag","embeddable":true,"href":"https:\/\/www.ernstbrunn-apotheke.at\/katalog\/wp-json\/wp\/v2\/product_tag?post=29598"}],"curies":[{"name":"wp","href":"https:\/\/api.w.org\/{rel}","templated":true}]}}