{"id":29595,"date":"2025-11-10T10:40:25","date_gmt":"2025-11-10T09:40:25","guid":{"rendered":"https:\/\/www.ernstbrunn-apotheke.at\/katalog\/produkt\/guam-algenschlamm-bauch-hueften-500-g\/"},"modified":"2025-12-08T15:07:21","modified_gmt":"2025-12-08T14:07:21","slug":"guam-algenschlamm-bauch-hueften-500-g","status":"publish","type":"product","link":"https:\/\/www.ernstbrunn-apotheke.at\/katalog\/produkt\/guam-algenschlamm-bauch-hueften-500-g\/","title":{"rendered":"Guam Algenschlamm Bauch\/H\u00fcften 500 g"},"content":{"rendered":"<p>Guam Algenschlamm Bauch\/H\u00fcften wurde speziell f\u00fcr die Anwendung um Bauch und H\u00fcfte entwickelt. Die Algenmischung, in Kombination mit nat\u00fcrlichen \u00d6len und Pflanzenextrakten, wirkt den l\u00e4stigen Ablagerungen um Bauch und H\u00fcfte entgegen. Verleiht der Haut anhaltende Elastizit\u00e4t und gl\u00e4ttet sie sichtlich. Auch f\u00fcr M\u00e4nner geeignet.<\/p>\n","protected":false},"excerpt":{"rendered":"<p>Guam Algenschlamm Bauch\/H\u00fcften wurde speziell f\u00fcr die Anwendung um Bauch und H\u00fcfte entwickelt. Die Algenmischung, in Kombination mit nat\u00fcrlichen \u00d6len und Pflanzenextrakten, wirkt den l\u00e4stigen Ablagerungen um Bauch und H\u00fcfte entgegen. Verleiht der Haut anhaltende Elastizit\u00e4t und gl\u00e4ttet sie sichtlich. Auch f\u00fcr M\u00e4nner geeignet.<\/p>\n","protected":false},"featured_media":29597,"template":"","meta":{"_acf_changed":false},"product_brand":[],"product_cat":[810],"product_tag":[],"class_list":{"0":"post-29595","1":"product","2":"type-product","3":"status-publish","4":"has-post-thumbnail","6":"product_cat-g","7":"pa_packungsgroesse-500g","9":"first","10":"instock","11":"shipping-taxable","12":"purchasable","13":"product-type-simple"},"acf":[],"_links":{"self":[{"href":"https:\/\/www.ernstbrunn-apotheke.at\/katalog\/wp-json\/wp\/v2\/product\/29595","targetHints":{"allow":["GET"]}}],"collection":[{"href":"https:\/\/www.ernstbrunn-apotheke.at\/katalog\/wp-json\/wp\/v2\/product"}],"about":[{"href":"https:\/\/www.ernstbrunn-apotheke.at\/katalog\/wp-json\/wp\/v2\/types\/product"}],"wp:featuredmedia":[{"embeddable":true,"href":"https:\/\/www.ernstbrunn-apotheke.at\/katalog\/wp-json\/wp\/v2\/media\/29597"}],"wp:attachment":[{"href":"https:\/\/www.ernstbrunn-apotheke.at\/katalog\/wp-json\/wp\/v2\/media?parent=29595"}],"wp:term":[{"taxonomy":"product_brand","embeddable":true,"href":"https:\/\/www.ernstbrunn-apotheke.at\/katalog\/wp-json\/wp\/v2\/product_brand?post=29595"},{"taxonomy":"product_cat","embeddable":true,"href":"https:\/\/www.ernstbrunn-apotheke.at\/katalog\/wp-json\/wp\/v2\/product_cat?post=29595"},{"taxonomy":"product_tag","embeddable":true,"href":"https:\/\/www.ernstbrunn-apotheke.at\/katalog\/wp-json\/wp\/v2\/product_tag?post=29595"}],"curies":[{"name":"wp","href":"https:\/\/api.w.org\/{rel}","templated":true}]}}