{"id":29582,"date":"2025-11-10T10:40:25","date_gmt":"2025-11-10T09:40:25","guid":{"rendered":"https:\/\/www.ernstbrunn-apotheke.at\/katalog\/produkt\/nuxe-prodigieux-duschoel-200-ml\/"},"modified":"2025-12-08T15:07:09","modified_gmt":"2025-12-08T14:07:09","slug":"nuxe-prodigieux-duschoel-200-ml","status":"publish","type":"product","link":"https:\/\/www.ernstbrunn-apotheke.at\/katalog\/produkt\/nuxe-prodigieux-duschoel-200-ml\/","title":{"rendered":"Nuxe Prodigieux Dusch\u00f6l 200 ml"},"content":{"rendered":"<p>Nuxe Prodigieux Dusch\u00f6l dient zur sanften Reinigung. Es hinterl\u00e4sst einen Hauch Satin-Schimmer und einen dezenten Duft auf der Haut. Wenden Sie das Dusch\u00f6l morgens und abends an, um die Haut optimal mit Feuchtigkeit zu versorgen. F\u00fcr pure Genuss-Momente.<\/p>\n","protected":false},"excerpt":{"rendered":"<p>Nuxe Prodigieux Dusch\u00f6l dient zur sanften Reinigung. Es hinterl\u00e4sst einen Hauch Satin-Schimmer und einen dezenten Duft auf der Haut. Wenden Sie das Dusch\u00f6l morgens und abends an, um die Haut optimal mit Feuchtigkeit zu versorgen. F\u00fcr pure Genuss-Momente.<\/p>\n","protected":false},"featured_media":29584,"template":"","meta":{"_acf_changed":false},"product_brand":[705],"product_cat":[797],"product_tag":[],"class_list":{"0":"post-29582","1":"product","2":"type-product","3":"status-publish","4":"has-post-thumbnail","6":"product_brand-nuxe","7":"product_cat-n","8":"pa_packungsgroesse-200ml","10":"first","11":"instock","12":"shipping-taxable","13":"purchasable","14":"product-type-simple"},"acf":[],"_links":{"self":[{"href":"https:\/\/www.ernstbrunn-apotheke.at\/katalog\/wp-json\/wp\/v2\/product\/29582","targetHints":{"allow":["GET"]}}],"collection":[{"href":"https:\/\/www.ernstbrunn-apotheke.at\/katalog\/wp-json\/wp\/v2\/product"}],"about":[{"href":"https:\/\/www.ernstbrunn-apotheke.at\/katalog\/wp-json\/wp\/v2\/types\/product"}],"wp:featuredmedia":[{"embeddable":true,"href":"https:\/\/www.ernstbrunn-apotheke.at\/katalog\/wp-json\/wp\/v2\/media\/29584"}],"wp:attachment":[{"href":"https:\/\/www.ernstbrunn-apotheke.at\/katalog\/wp-json\/wp\/v2\/media?parent=29582"}],"wp:term":[{"taxonomy":"product_brand","embeddable":true,"href":"https:\/\/www.ernstbrunn-apotheke.at\/katalog\/wp-json\/wp\/v2\/product_brand?post=29582"},{"taxonomy":"product_cat","embeddable":true,"href":"https:\/\/www.ernstbrunn-apotheke.at\/katalog\/wp-json\/wp\/v2\/product_cat?post=29582"},{"taxonomy":"product_tag","embeddable":true,"href":"https:\/\/www.ernstbrunn-apotheke.at\/katalog\/wp-json\/wp\/v2\/product_tag?post=29582"}],"curies":[{"name":"wp","href":"https:\/\/api.w.org\/{rel}","templated":true}]}}