{"id":29537,"date":"2025-11-10T10:39:44","date_gmt":"2025-11-10T09:39:44","guid":{"rendered":"https:\/\/www.ernstbrunn-apotheke.at\/katalog\/produkt\/melkfett-soft-emulsion-150-g\/"},"modified":"2025-12-08T15:06:58","modified_gmt":"2025-12-08T14:06:58","slug":"melkfett-soft-emulsion-150-g","status":"publish","type":"product","link":"https:\/\/www.ernstbrunn-apotheke.at\/katalog\/produkt\/melkfett-soft-emulsion-150-g\/","title":{"rendered":"Melkfett Soft Emulsion 150 g"},"content":{"rendered":"<p>Melkfett Soft Emulsion pflegt und sch\u00fctzt die trockene und normale Haut. Die Creme beseitigt wirkungsvoll raue K\u00f6rperstellen und spr\u00f6de Lippen werden wieder geschmeidig.<\/p>\n","protected":false},"excerpt":{"rendered":"<p>Melkfett Soft Emulsion pflegt und sch\u00fctzt die trockene und normale Haut. Die Creme beseitigt wirkungsvoll raue K\u00f6rperstellen und spr\u00f6de Lippen werden wieder geschmeidig.<\/p>\n","protected":false},"featured_media":29539,"template":"","meta":{"_acf_changed":false},"product_brand":[],"product_cat":[800],"product_tag":[],"class_list":{"0":"post-29537","1":"product","2":"type-product","3":"status-publish","4":"has-post-thumbnail","6":"product_cat-m","7":"pa_packungsgroesse-150ml","9":"first","10":"instock","11":"shipping-taxable","12":"purchasable","13":"product-type-simple"},"acf":[],"_links":{"self":[{"href":"https:\/\/www.ernstbrunn-apotheke.at\/katalog\/wp-json\/wp\/v2\/product\/29537","targetHints":{"allow":["GET"]}}],"collection":[{"href":"https:\/\/www.ernstbrunn-apotheke.at\/katalog\/wp-json\/wp\/v2\/product"}],"about":[{"href":"https:\/\/www.ernstbrunn-apotheke.at\/katalog\/wp-json\/wp\/v2\/types\/product"}],"wp:featuredmedia":[{"embeddable":true,"href":"https:\/\/www.ernstbrunn-apotheke.at\/katalog\/wp-json\/wp\/v2\/media\/29539"}],"wp:attachment":[{"href":"https:\/\/www.ernstbrunn-apotheke.at\/katalog\/wp-json\/wp\/v2\/media?parent=29537"}],"wp:term":[{"taxonomy":"product_brand","embeddable":true,"href":"https:\/\/www.ernstbrunn-apotheke.at\/katalog\/wp-json\/wp\/v2\/product_brand?post=29537"},{"taxonomy":"product_cat","embeddable":true,"href":"https:\/\/www.ernstbrunn-apotheke.at\/katalog\/wp-json\/wp\/v2\/product_cat?post=29537"},{"taxonomy":"product_tag","embeddable":true,"href":"https:\/\/www.ernstbrunn-apotheke.at\/katalog\/wp-json\/wp\/v2\/product_tag?post=29537"}],"curies":[{"name":"wp","href":"https:\/\/api.w.org\/{rel}","templated":true}]}}