{"id":29528,"date":"2025-11-10T10:39:44","date_gmt":"2025-11-10T09:39:44","guid":{"rendered":"https:\/\/www.ernstbrunn-apotheke.at\/katalog\/produkt\/allergika-lipolotion-sensitiv-200-ml\/"},"modified":"2025-12-08T15:06:54","modified_gmt":"2025-12-08T14:06:54","slug":"allergika-lipolotion-sensitiv-200-ml","status":"publish","type":"product","link":"https:\/\/www.ernstbrunn-apotheke.at\/katalog\/produkt\/allergika-lipolotion-sensitiv-200-ml\/","title":{"rendered":"Allergika Lipolotion Sensitiv 200 ml"},"content":{"rendered":"<p>Allergika Lipolotion Sensitiv ist eine angenehm r\u00fcckfettende K\u00f6rperlotion mit hervorragender Verteilbarkeit. Ein spezieller Wirkstoffkomplex aus Glycerin, Bisabolol und Vitamin E beruhigen und sch\u00fctzen empfindliche und zu Juckreiz neigende Haut. Die Haut wird gest\u00e4rkt und intensiv mit Feuchtigkeit versorgt. Beugt Juckreiz, Hautirritationen und Spannungsgef\u00fchlen vor<\/p>\n","protected":false},"excerpt":{"rendered":"<p>Allergika Lipolotion Sensitiv ist eine angenehm r\u00fcckfettende K\u00f6rperlotion mit hervorragender Verteilbarkeit. Ein spezieller Wirkstoffkomplex aus Glycerin, Bisabolol und Vitamin E beruhigen und sch\u00fctzen empfindliche und zu Juckreiz neigende Haut. Die Haut wird gest\u00e4rkt und intensiv mit Feuchtigkeit versorgt. Beugt Juckreiz, Hautirritationen und Spannungsgef\u00fchlen vor<\/p>\n","protected":false},"featured_media":29530,"template":"","meta":{"_acf_changed":false},"product_brand":[396],"product_cat":[801],"product_tag":[],"class_list":{"0":"post-29528","1":"product","2":"type-product","3":"status-publish","4":"has-post-thumbnail","6":"product_brand-allergika","7":"product_cat-a","8":"pa_packungsgroesse-200ml","10":"first","11":"instock","12":"shipping-taxable","13":"purchasable","14":"product-type-simple"},"acf":[],"_links":{"self":[{"href":"https:\/\/www.ernstbrunn-apotheke.at\/katalog\/wp-json\/wp\/v2\/product\/29528","targetHints":{"allow":["GET"]}}],"collection":[{"href":"https:\/\/www.ernstbrunn-apotheke.at\/katalog\/wp-json\/wp\/v2\/product"}],"about":[{"href":"https:\/\/www.ernstbrunn-apotheke.at\/katalog\/wp-json\/wp\/v2\/types\/product"}],"wp:featuredmedia":[{"embeddable":true,"href":"https:\/\/www.ernstbrunn-apotheke.at\/katalog\/wp-json\/wp\/v2\/media\/29530"}],"wp:attachment":[{"href":"https:\/\/www.ernstbrunn-apotheke.at\/katalog\/wp-json\/wp\/v2\/media?parent=29528"}],"wp:term":[{"taxonomy":"product_brand","embeddable":true,"href":"https:\/\/www.ernstbrunn-apotheke.at\/katalog\/wp-json\/wp\/v2\/product_brand?post=29528"},{"taxonomy":"product_cat","embeddable":true,"href":"https:\/\/www.ernstbrunn-apotheke.at\/katalog\/wp-json\/wp\/v2\/product_cat?post=29528"},{"taxonomy":"product_tag","embeddable":true,"href":"https:\/\/www.ernstbrunn-apotheke.at\/katalog\/wp-json\/wp\/v2\/product_tag?post=29528"}],"curies":[{"name":"wp","href":"https:\/\/api.w.org\/{rel}","templated":true}]}}