{"id":29523,"date":"2025-11-10T10:39:44","date_gmt":"2025-11-10T09:39:44","guid":{"rendered":"https:\/\/www.ernstbrunn-apotheke.at\/katalog\/produkt\/guam-creme-hautstraffung-brust-koerper-250-ml\/"},"modified":"2025-12-08T15:06:53","modified_gmt":"2025-12-08T14:06:53","slug":"guam-creme-hautstraffung-brust-koerper-250-ml","status":"publish","type":"product","link":"https:\/\/www.ernstbrunn-apotheke.at\/katalog\/produkt\/guam-creme-hautstraffung-brust-koerper-250-ml\/","title":{"rendered":"Guam Creme Hautstraffung Brust &#038; K\u00f6rper 250 ml"},"content":{"rendered":"<p>Guam Creme Hautstraffung Brust &#038; K\u00f6rper ist eine Mischung aus Guam Algen, Pflanzenextrakten und \u00e4therischen \u00d6len. Der Anteil an den Guam Algen ist hier besonders hoch, trotzdem hinterl\u00e4sst die Creme keinen Geruch nach Algen auf der Haut. Sie zieht sofort ein, stimuliert und festigt Brust und K\u00f6rper. Sie macht die Haut unvergleichlich geschmeidig und h\u00e4lt sie elastisch.<\/p>\n","protected":false},"excerpt":{"rendered":"<p>Guam Creme Hautstraffung Brust &#038; K\u00f6rper ist eine Mischung aus Guam Algen, Pflanzenextrakten und \u00e4therischen \u00d6len. Der Anteil an den Guam Algen ist hier besonders hoch, trotzdem hinterl\u00e4sst die Creme keinen Geruch nach Algen auf der Haut. Sie zieht sofort ein, stimuliert und festigt Brust und K\u00f6rper. Sie macht die Haut unvergleichlich geschmeidig und h\u00e4lt [&hellip;]<\/p>\n","protected":false},"featured_media":29525,"template":"","meta":{"_acf_changed":false},"product_brand":[],"product_cat":[810],"product_tag":[],"class_list":{"0":"post-29523","1":"product","2":"type-product","3":"status-publish","4":"has-post-thumbnail","6":"product_cat-g","7":"pa_packungsgroesse-250ml","9":"first","10":"instock","11":"shipping-taxable","12":"purchasable","13":"product-type-simple"},"acf":[],"_links":{"self":[{"href":"https:\/\/www.ernstbrunn-apotheke.at\/katalog\/wp-json\/wp\/v2\/product\/29523","targetHints":{"allow":["GET"]}}],"collection":[{"href":"https:\/\/www.ernstbrunn-apotheke.at\/katalog\/wp-json\/wp\/v2\/product"}],"about":[{"href":"https:\/\/www.ernstbrunn-apotheke.at\/katalog\/wp-json\/wp\/v2\/types\/product"}],"wp:featuredmedia":[{"embeddable":true,"href":"https:\/\/www.ernstbrunn-apotheke.at\/katalog\/wp-json\/wp\/v2\/media\/29525"}],"wp:attachment":[{"href":"https:\/\/www.ernstbrunn-apotheke.at\/katalog\/wp-json\/wp\/v2\/media?parent=29523"}],"wp:term":[{"taxonomy":"product_brand","embeddable":true,"href":"https:\/\/www.ernstbrunn-apotheke.at\/katalog\/wp-json\/wp\/v2\/product_brand?post=29523"},{"taxonomy":"product_cat","embeddable":true,"href":"https:\/\/www.ernstbrunn-apotheke.at\/katalog\/wp-json\/wp\/v2\/product_cat?post=29523"},{"taxonomy":"product_tag","embeddable":true,"href":"https:\/\/www.ernstbrunn-apotheke.at\/katalog\/wp-json\/wp\/v2\/product_tag?post=29523"}],"curies":[{"name":"wp","href":"https:\/\/api.w.org\/{rel}","templated":true}]}}