{"id":29510,"date":"2025-11-10T10:39:44","date_gmt":"2025-11-10T09:39:44","guid":{"rendered":"https:\/\/www.ernstbrunn-apotheke.at\/katalog\/produkt\/dermasel-med-totes-meer-koerpergel-hyaluron-150-ml\/"},"modified":"2025-12-08T15:06:50","modified_gmt":"2025-12-08T14:06:50","slug":"dermasel-med-totes-meer-koerpergel-hyaluron-150-ml","status":"publish","type":"product","link":"https:\/\/www.ernstbrunn-apotheke.at\/katalog\/produkt\/dermasel-med-totes-meer-koerpergel-hyaluron-150-ml\/","title":{"rendered":"Dermasel med Totes Meer K\u00f6rpergel Hyaluron 150 ml"},"content":{"rendered":"<p>Dermasel med Totes Meer K\u00f6rpergel Hyaluron ist ein k\u00fchlendes, hautberuhigendes Feuchtigkeitsgel mit straffendem Anti-Aging-Effekt dank Hyalurons\u00e4ure und Salz aus dem Toten Meer.<\/p>\n","protected":false},"excerpt":{"rendered":"<p>Dermasel med Totes Meer K\u00f6rpergel Hyaluron ist ein k\u00fchlendes, hautberuhigendes Feuchtigkeitsgel mit straffendem Anti-Aging-Effekt dank Hyalurons\u00e4ure und Salz aus dem Toten Meer.<\/p>\n","protected":false},"featured_media":29512,"template":"","meta":{"_acf_changed":false},"product_brand":[684],"product_cat":[792],"product_tag":[],"class_list":{"0":"post-29510","1":"product","2":"type-product","3":"status-publish","4":"has-post-thumbnail","6":"product_brand-dermasel","7":"product_cat-d","8":"pa_packungsgroesse-150ml","10":"first","11":"instock","12":"shipping-taxable","13":"purchasable","14":"product-type-simple"},"acf":[],"_links":{"self":[{"href":"https:\/\/www.ernstbrunn-apotheke.at\/katalog\/wp-json\/wp\/v2\/product\/29510","targetHints":{"allow":["GET"]}}],"collection":[{"href":"https:\/\/www.ernstbrunn-apotheke.at\/katalog\/wp-json\/wp\/v2\/product"}],"about":[{"href":"https:\/\/www.ernstbrunn-apotheke.at\/katalog\/wp-json\/wp\/v2\/types\/product"}],"wp:featuredmedia":[{"embeddable":true,"href":"https:\/\/www.ernstbrunn-apotheke.at\/katalog\/wp-json\/wp\/v2\/media\/29512"}],"wp:attachment":[{"href":"https:\/\/www.ernstbrunn-apotheke.at\/katalog\/wp-json\/wp\/v2\/media?parent=29510"}],"wp:term":[{"taxonomy":"product_brand","embeddable":true,"href":"https:\/\/www.ernstbrunn-apotheke.at\/katalog\/wp-json\/wp\/v2\/product_brand?post=29510"},{"taxonomy":"product_cat","embeddable":true,"href":"https:\/\/www.ernstbrunn-apotheke.at\/katalog\/wp-json\/wp\/v2\/product_cat?post=29510"},{"taxonomy":"product_tag","embeddable":true,"href":"https:\/\/www.ernstbrunn-apotheke.at\/katalog\/wp-json\/wp\/v2\/product_tag?post=29510"}],"curies":[{"name":"wp","href":"https:\/\/api.w.org\/{rel}","templated":true}]}}