{"id":29479,"date":"2025-11-10T10:38:56","date_gmt":"2025-11-10T09:38:56","guid":{"rendered":"https:\/\/www.ernstbrunn-apotheke.at\/katalog\/produkt\/tiroler-steinoel-latschenkiefer-creme-90-ml\/"},"modified":"2025-12-08T15:06:42","modified_gmt":"2025-12-08T14:06:42","slug":"tiroler-steinoel-latschenkiefer-creme-90-ml","status":"publish","type":"product","link":"https:\/\/www.ernstbrunn-apotheke.at\/katalog\/produkt\/tiroler-steinoel-latschenkiefer-creme-90-ml\/","title":{"rendered":"Tiroler Stein\u00f6l Latschenkiefer Creme 90 ml"},"content":{"rendered":"<p>Tiroler Stein\u00f6l Latschenkiefer Creme mit reinem Latschenkiefer\u00f6l aus den heimischen Bergen f\u00fcr zuverl\u00e4ssigen Schutz vor Wind und K\u00e4lte.<\/p>\n","protected":false},"excerpt":{"rendered":"<p>Tiroler Stein\u00f6l Latschenkiefer Creme mit reinem Latschenkiefer\u00f6l aus den heimischen Bergen f\u00fcr zuverl\u00e4ssigen Schutz vor Wind und K\u00e4lte.<\/p>\n","protected":false},"featured_media":29481,"template":"","meta":{"_acf_changed":false},"product_brand":[],"product_cat":[798],"product_tag":[],"class_list":{"0":"post-29479","1":"product","2":"type-product","3":"status-publish","4":"has-post-thumbnail","6":"product_cat-t","7":"pa_packungsgroesse-90ml","9":"first","10":"instock","11":"shipping-taxable","12":"purchasable","13":"product-type-simple"},"acf":[],"_links":{"self":[{"href":"https:\/\/www.ernstbrunn-apotheke.at\/katalog\/wp-json\/wp\/v2\/product\/29479","targetHints":{"allow":["GET"]}}],"collection":[{"href":"https:\/\/www.ernstbrunn-apotheke.at\/katalog\/wp-json\/wp\/v2\/product"}],"about":[{"href":"https:\/\/www.ernstbrunn-apotheke.at\/katalog\/wp-json\/wp\/v2\/types\/product"}],"wp:featuredmedia":[{"embeddable":true,"href":"https:\/\/www.ernstbrunn-apotheke.at\/katalog\/wp-json\/wp\/v2\/media\/29481"}],"wp:attachment":[{"href":"https:\/\/www.ernstbrunn-apotheke.at\/katalog\/wp-json\/wp\/v2\/media?parent=29479"}],"wp:term":[{"taxonomy":"product_brand","embeddable":true,"href":"https:\/\/www.ernstbrunn-apotheke.at\/katalog\/wp-json\/wp\/v2\/product_brand?post=29479"},{"taxonomy":"product_cat","embeddable":true,"href":"https:\/\/www.ernstbrunn-apotheke.at\/katalog\/wp-json\/wp\/v2\/product_cat?post=29479"},{"taxonomy":"product_tag","embeddable":true,"href":"https:\/\/www.ernstbrunn-apotheke.at\/katalog\/wp-json\/wp\/v2\/product_tag?post=29479"}],"curies":[{"name":"wp","href":"https:\/\/api.w.org\/{rel}","templated":true}]}}