{"id":29471,"date":"2025-11-10T10:38:56","date_gmt":"2025-11-10T09:38:56","guid":{"rendered":"https:\/\/www.ernstbrunn-apotheke.at\/katalog\/produkt\/medipharma-cosmetics-olivenoel-dusch-peeling-100-ml\/"},"modified":"2025-12-08T15:06:39","modified_gmt":"2025-12-08T14:06:39","slug":"medipharma-cosmetics-olivenoel-dusch-peeling-100-ml","status":"publish","type":"product","link":"https:\/\/www.ernstbrunn-apotheke.at\/katalog\/produkt\/medipharma-cosmetics-olivenoel-dusch-peeling-100-ml\/","title":{"rendered":"Medipharma Cosmetics Oliven\u00f6l Dusch-Peeling 100 ml"},"content":{"rendered":"<p>Cosmetics Oliven\u00f6l Dusch-Peeling mit toskanischem Oliven\u00f6l extra vergine, dem Frische-Kick der Zitrone und den zarten Peelingk\u00f6rner aus Bambus und fein gemahlenen Olivenkernen entfernt besonders sanft die obersten Hautsch\u00fcppchen und verfeinern somit das Hautbild.<\/p>\n","protected":false},"excerpt":{"rendered":"<p>Cosmetics Oliven\u00f6l Dusch-Peeling mit toskanischem Oliven\u00f6l extra vergine, dem Frische-Kick der Zitrone und den zarten Peelingk\u00f6rner aus Bambus und fein gemahlenen Olivenkernen entfernt besonders sanft die obersten Hautsch\u00fcppchen und verfeinern somit das Hautbild.<\/p>\n","protected":false},"featured_media":29473,"template":"","meta":{"_acf_changed":false},"product_brand":[685],"product_cat":[800],"product_tag":[],"class_list":{"0":"post-29471","1":"product","2":"type-product","3":"status-publish","4":"has-post-thumbnail","6":"product_brand-olivenoel-theiss","7":"product_cat-m","8":"pa_packungsgroesse-100ml","10":"first","11":"instock","12":"shipping-taxable","13":"purchasable","14":"product-type-simple"},"acf":[],"_links":{"self":[{"href":"https:\/\/www.ernstbrunn-apotheke.at\/katalog\/wp-json\/wp\/v2\/product\/29471","targetHints":{"allow":["GET"]}}],"collection":[{"href":"https:\/\/www.ernstbrunn-apotheke.at\/katalog\/wp-json\/wp\/v2\/product"}],"about":[{"href":"https:\/\/www.ernstbrunn-apotheke.at\/katalog\/wp-json\/wp\/v2\/types\/product"}],"wp:featuredmedia":[{"embeddable":true,"href":"https:\/\/www.ernstbrunn-apotheke.at\/katalog\/wp-json\/wp\/v2\/media\/29473"}],"wp:attachment":[{"href":"https:\/\/www.ernstbrunn-apotheke.at\/katalog\/wp-json\/wp\/v2\/media?parent=29471"}],"wp:term":[{"taxonomy":"product_brand","embeddable":true,"href":"https:\/\/www.ernstbrunn-apotheke.at\/katalog\/wp-json\/wp\/v2\/product_brand?post=29471"},{"taxonomy":"product_cat","embeddable":true,"href":"https:\/\/www.ernstbrunn-apotheke.at\/katalog\/wp-json\/wp\/v2\/product_cat?post=29471"},{"taxonomy":"product_tag","embeddable":true,"href":"https:\/\/www.ernstbrunn-apotheke.at\/katalog\/wp-json\/wp\/v2\/product_tag?post=29471"}],"curies":[{"name":"wp","href":"https:\/\/api.w.org\/{rel}","templated":true}]}}