{"id":29440,"date":"2025-11-10T10:38:16","date_gmt":"2025-11-10T09:38:16","guid":{"rendered":"https:\/\/www.ernstbrunn-apotheke.at\/katalog\/produkt\/aloe-vera-98-frischblattgel-250-ml\/"},"modified":"2025-12-08T15:06:28","modified_gmt":"2025-12-08T14:06:28","slug":"aloe-vera-98-frischblattgel-250-ml","status":"publish","type":"product","link":"https:\/\/www.ernstbrunn-apotheke.at\/katalog\/produkt\/aloe-vera-98-frischblattgel-250-ml\/","title":{"rendered":"Aloe Vera 98% Frischblattgel 250 ml"},"content":{"rendered":"<p>Aloe Vera 98% Frischblattgel ist ein flie\u00dfendes Hautpflegegel aus BIO-Aloe Vera Frischbl\u00e4ttern. Aus frischem handgesch\u00e4lten Blattgel und mit einem Minimum an nat\u00fcrlichen Gelbildnern auf kaltem Weg zu einem reichhaltigen Pflegegel verarbeitet.<\/p>\n","protected":false},"excerpt":{"rendered":"<p>Aloe Vera 98% Frischblattgel ist ein flie\u00dfendes Hautpflegegel aus BIO-Aloe Vera Frischbl\u00e4ttern. Aus frischem handgesch\u00e4lten Blattgel und mit einem Minimum an nat\u00fcrlichen Gelbildnern auf kaltem Weg zu einem reichhaltigen Pflegegel verarbeitet.<\/p>\n","protected":false},"featured_media":29442,"template":"","meta":{"_acf_changed":false},"product_brand":[],"product_cat":[801],"product_tag":[],"class_list":{"0":"post-29440","1":"product","2":"type-product","3":"status-publish","4":"has-post-thumbnail","6":"product_cat-a","7":"pa_packungsgroesse-250ml","9":"first","10":"instock","11":"shipping-taxable","12":"purchasable","13":"product-type-simple"},"acf":[],"_links":{"self":[{"href":"https:\/\/www.ernstbrunn-apotheke.at\/katalog\/wp-json\/wp\/v2\/product\/29440","targetHints":{"allow":["GET"]}}],"collection":[{"href":"https:\/\/www.ernstbrunn-apotheke.at\/katalog\/wp-json\/wp\/v2\/product"}],"about":[{"href":"https:\/\/www.ernstbrunn-apotheke.at\/katalog\/wp-json\/wp\/v2\/types\/product"}],"wp:featuredmedia":[{"embeddable":true,"href":"https:\/\/www.ernstbrunn-apotheke.at\/katalog\/wp-json\/wp\/v2\/media\/29442"}],"wp:attachment":[{"href":"https:\/\/www.ernstbrunn-apotheke.at\/katalog\/wp-json\/wp\/v2\/media?parent=29440"}],"wp:term":[{"taxonomy":"product_brand","embeddable":true,"href":"https:\/\/www.ernstbrunn-apotheke.at\/katalog\/wp-json\/wp\/v2\/product_brand?post=29440"},{"taxonomy":"product_cat","embeddable":true,"href":"https:\/\/www.ernstbrunn-apotheke.at\/katalog\/wp-json\/wp\/v2\/product_cat?post=29440"},{"taxonomy":"product_tag","embeddable":true,"href":"https:\/\/www.ernstbrunn-apotheke.at\/katalog\/wp-json\/wp\/v2\/product_tag?post=29440"}],"curies":[{"name":"wp","href":"https:\/\/api.w.org\/{rel}","templated":true}]}}