{"id":29330,"date":"2025-11-10T10:35:59","date_gmt":"2025-11-10T09:35:59","guid":{"rendered":"https:\/\/www.ernstbrunn-apotheke.at\/katalog\/produkt\/tiroler-steinoel-hauttonikum-1-l\/"},"modified":"2025-12-08T15:05:53","modified_gmt":"2025-12-08T14:05:53","slug":"tiroler-steinoel-hauttonikum-1-l","status":"publish","type":"product","link":"https:\/\/www.ernstbrunn-apotheke.at\/katalog\/produkt\/tiroler-steinoel-hauttonikum-1-l\/","title":{"rendered":"Tiroler Stein\u00f6l Hauttonikum 1 L"},"content":{"rendered":"<p>Tiroler Stein\u00f6l Hauttonic wirkt belebend und verspannungsl\u00f6send vor und nach sportlichen Aktivit\u00e4ten. Es ist besonders wohltuend und speziell f\u00fcr den \u00fcberbeanspruchten Bewegungsapparat und bei Muskelkater geeignet. Das Hauttonic hat eine au\u00dfergew\u00f6hnlich erfrischende Wirkung, mit angenehmer R\u00fcckfettung..<\/p>\n","protected":false},"excerpt":{"rendered":"<p>Tiroler Stein\u00f6l Hauttonic wirkt belebend und verspannungsl\u00f6send vor und nach sportlichen Aktivit\u00e4ten. Es ist besonders wohltuend und speziell f\u00fcr den \u00fcberbeanspruchten Bewegungsapparat und bei Muskelkater geeignet. Das Hauttonic hat eine au\u00dfergew\u00f6hnlich erfrischende Wirkung, mit angenehmer R\u00fcckfettung..<\/p>\n","protected":false},"featured_media":29332,"template":"","meta":{"_acf_changed":false},"product_brand":[],"product_cat":[798],"product_tag":[],"class_list":{"0":"post-29330","1":"product","2":"type-product","3":"status-publish","4":"has-post-thumbnail","6":"product_cat-t","7":"pa_packungsgroesse-1l","9":"first","10":"instock","11":"shipping-taxable","12":"purchasable","13":"product-type-simple"},"acf":[],"_links":{"self":[{"href":"https:\/\/www.ernstbrunn-apotheke.at\/katalog\/wp-json\/wp\/v2\/product\/29330","targetHints":{"allow":["GET"]}}],"collection":[{"href":"https:\/\/www.ernstbrunn-apotheke.at\/katalog\/wp-json\/wp\/v2\/product"}],"about":[{"href":"https:\/\/www.ernstbrunn-apotheke.at\/katalog\/wp-json\/wp\/v2\/types\/product"}],"wp:featuredmedia":[{"embeddable":true,"href":"https:\/\/www.ernstbrunn-apotheke.at\/katalog\/wp-json\/wp\/v2\/media\/29332"}],"wp:attachment":[{"href":"https:\/\/www.ernstbrunn-apotheke.at\/katalog\/wp-json\/wp\/v2\/media?parent=29330"}],"wp:term":[{"taxonomy":"product_brand","embeddable":true,"href":"https:\/\/www.ernstbrunn-apotheke.at\/katalog\/wp-json\/wp\/v2\/product_brand?post=29330"},{"taxonomy":"product_cat","embeddable":true,"href":"https:\/\/www.ernstbrunn-apotheke.at\/katalog\/wp-json\/wp\/v2\/product_cat?post=29330"},{"taxonomy":"product_tag","embeddable":true,"href":"https:\/\/www.ernstbrunn-apotheke.at\/katalog\/wp-json\/wp\/v2\/product_tag?post=29330"}],"curies":[{"name":"wp","href":"https:\/\/api.w.org\/{rel}","templated":true}]}}