{"id":29296,"date":"2025-11-10T10:35:59","date_gmt":"2025-11-10T09:35:59","guid":{"rendered":"https:\/\/www.ernstbrunn-apotheke.at\/katalog\/produkt\/tiroler-steinoel-hautbalsam-100-ml\/"},"modified":"2025-12-08T15:05:47","modified_gmt":"2025-12-08T14:05:47","slug":"tiroler-steinoel-hautbalsam-100-ml","status":"publish","type":"product","link":"https:\/\/www.ernstbrunn-apotheke.at\/katalog\/produkt\/tiroler-steinoel-hautbalsam-100-ml\/","title":{"rendered":"Tiroler Stein\u00f6l Hautbalsam 100 ml"},"content":{"rendered":"<p>Dieser hochwertige Balsam mit sehr hohem Anteil an TIROLER STEIN\u00d6L ist eine wertvolle Erg\u00e4nzung der seit Jahrzehnten bew\u00e4hrten Haussalbe. Nat\u00fcrliche Inhaltsstoffe wie Jojoba\u00f6l, Vitamin E und Bienenwachs ergeben eine harmonische Zusammensetzung mit besonders vielf\u00e4ltiger Wirksamkeit, wie z.B. im Bereich des Bewegungsapparates, der Gelenke oder auch zur Nachbehandlung von Narben und Vieles mehr.<\/p>\n","protected":false},"excerpt":{"rendered":"<p>Dieser hochwertige Balsam mit sehr hohem Anteil an TIROLER STEIN\u00d6L ist eine wertvolle Erg\u00e4nzung der seit Jahrzehnten bew\u00e4hrten Haussalbe. Nat\u00fcrliche Inhaltsstoffe wie Jojoba\u00f6l, Vitamin E und Bienenwachs ergeben eine harmonische Zusammensetzung mit besonders vielf\u00e4ltiger Wirksamkeit, wie z.B. im Bereich des Bewegungsapparates, der Gelenke oder auch zur Nachbehandlung von Narben und Vieles mehr.<\/p>\n","protected":false},"featured_media":29298,"template":"","meta":{"_acf_changed":false},"product_brand":[],"product_cat":[798],"product_tag":[],"class_list":{"0":"post-29296","1":"product","2":"type-product","3":"status-publish","4":"has-post-thumbnail","6":"product_cat-t","7":"pa_packungsgroesse-100ml","9":"first","10":"instock","11":"shipping-taxable","12":"purchasable","13":"product-type-simple"},"acf":[],"_links":{"self":[{"href":"https:\/\/www.ernstbrunn-apotheke.at\/katalog\/wp-json\/wp\/v2\/product\/29296","targetHints":{"allow":["GET"]}}],"collection":[{"href":"https:\/\/www.ernstbrunn-apotheke.at\/katalog\/wp-json\/wp\/v2\/product"}],"about":[{"href":"https:\/\/www.ernstbrunn-apotheke.at\/katalog\/wp-json\/wp\/v2\/types\/product"}],"wp:featuredmedia":[{"embeddable":true,"href":"https:\/\/www.ernstbrunn-apotheke.at\/katalog\/wp-json\/wp\/v2\/media\/29298"}],"wp:attachment":[{"href":"https:\/\/www.ernstbrunn-apotheke.at\/katalog\/wp-json\/wp\/v2\/media?parent=29296"}],"wp:term":[{"taxonomy":"product_brand","embeddable":true,"href":"https:\/\/www.ernstbrunn-apotheke.at\/katalog\/wp-json\/wp\/v2\/product_brand?post=29296"},{"taxonomy":"product_cat","embeddable":true,"href":"https:\/\/www.ernstbrunn-apotheke.at\/katalog\/wp-json\/wp\/v2\/product_cat?post=29296"},{"taxonomy":"product_tag","embeddable":true,"href":"https:\/\/www.ernstbrunn-apotheke.at\/katalog\/wp-json\/wp\/v2\/product_tag?post=29296"}],"curies":[{"name":"wp","href":"https:\/\/api.w.org\/{rel}","templated":true}]}}