{"id":29266,"date":"2025-11-10T10:35:09","date_gmt":"2025-11-10T09:35:09","guid":{"rendered":"https:\/\/www.ernstbrunn-apotheke.at\/katalog\/produkt\/nuxe-reve-de-miel-koerperpeeling-175-ml\/"},"modified":"2025-12-08T15:05:38","modified_gmt":"2025-12-08T14:05:38","slug":"nuxe-reve-de-miel-koerperpeeling-175-ml","status":"publish","type":"product","link":"https:\/\/www.ernstbrunn-apotheke.at\/katalog\/produkt\/nuxe-reve-de-miel-koerperpeeling-175-ml\/","title":{"rendered":"Nuxe Reve de Miel K\u00f6rperpeeling 175 ml"},"content":{"rendered":"<p>Nuxe Reve de Miel K\u00f6rperpeeling mit Honig, Zuckerkristallen und wertvollen \u00d6len ist eine wahrhafte 2-in-1-Pflege: Es entfernt abgestorbene Hautzellen und n\u00e4hrt die Haut. Die Hautstruktur wird feiner, die Haut ist gen\u00e4hrt und sichtbar sch\u00f6ner. Das Peeling zeichnet sich durch seinen s\u00fc\u00dfen Honigduft und seine einzigartige Balsam\u00f6l-Textur aus, die die Haut mit einer n\u00e4hrenden Schutzh\u00fclle umgibt.<\/p>\n","protected":false},"excerpt":{"rendered":"<p>Nuxe Reve de Miel K\u00f6rperpeeling mit Honig, Zuckerkristallen und wertvollen \u00d6len ist eine wahrhafte 2-in-1-Pflege: Es entfernt abgestorbene Hautzellen und n\u00e4hrt die Haut. Die Hautstruktur wird feiner, die Haut ist gen\u00e4hrt und sichtbar sch\u00f6ner. Das Peeling zeichnet sich durch seinen s\u00fc\u00dfen Honigduft und seine einzigartige Balsam\u00f6l-Textur aus, die die Haut mit einer n\u00e4hrenden Schutzh\u00fclle umgibt.<\/p>\n","protected":false},"featured_media":29268,"template":"","meta":{"_acf_changed":false},"product_brand":[705],"product_cat":[797],"product_tag":[],"class_list":{"0":"post-29266","1":"product","2":"type-product","3":"status-publish","4":"has-post-thumbnail","6":"product_brand-nuxe","7":"product_cat-n","8":"pa_packungsgroesse-175ml","10":"first","11":"instock","12":"shipping-taxable","13":"purchasable","14":"product-type-simple"},"acf":[],"_links":{"self":[{"href":"https:\/\/www.ernstbrunn-apotheke.at\/katalog\/wp-json\/wp\/v2\/product\/29266","targetHints":{"allow":["GET"]}}],"collection":[{"href":"https:\/\/www.ernstbrunn-apotheke.at\/katalog\/wp-json\/wp\/v2\/product"}],"about":[{"href":"https:\/\/www.ernstbrunn-apotheke.at\/katalog\/wp-json\/wp\/v2\/types\/product"}],"wp:featuredmedia":[{"embeddable":true,"href":"https:\/\/www.ernstbrunn-apotheke.at\/katalog\/wp-json\/wp\/v2\/media\/29268"}],"wp:attachment":[{"href":"https:\/\/www.ernstbrunn-apotheke.at\/katalog\/wp-json\/wp\/v2\/media?parent=29266"}],"wp:term":[{"taxonomy":"product_brand","embeddable":true,"href":"https:\/\/www.ernstbrunn-apotheke.at\/katalog\/wp-json\/wp\/v2\/product_brand?post=29266"},{"taxonomy":"product_cat","embeddable":true,"href":"https:\/\/www.ernstbrunn-apotheke.at\/katalog\/wp-json\/wp\/v2\/product_cat?post=29266"},{"taxonomy":"product_tag","embeddable":true,"href":"https:\/\/www.ernstbrunn-apotheke.at\/katalog\/wp-json\/wp\/v2\/product_tag?post=29266"}],"curies":[{"name":"wp","href":"https:\/\/api.w.org\/{rel}","templated":true}]}}