{"id":29255,"date":"2025-11-10T10:35:09","date_gmt":"2025-11-10T09:35:09","guid":{"rendered":"https:\/\/www.ernstbrunn-apotheke.at\/katalog\/produkt\/weleda-aktivierungsbad-rosmarin-200-ml\/"},"modified":"2025-12-08T15:05:36","modified_gmt":"2025-12-08T14:05:36","slug":"weleda-aktivierungsbad-rosmarin-200-ml","status":"publish","type":"product","link":"https:\/\/www.ernstbrunn-apotheke.at\/katalog\/produkt\/weleda-aktivierungsbad-rosmarin-200-ml\/","title":{"rendered":"Weleda Aktivierungsbad Rosmarin 200 ml"},"content":{"rendered":"<p>Haben Sie noch etwas vor und f\u00fchlen sich eigentlich ein wenig schlapp\u2013 Dann ist dieses Bad das Mittel Ihrer Wahl. Eine Viertelstunde im aufmunternden Duft des w\u00fcrzigen Rosmarin Aktivierungsbades und Sie sp\u00fcren f\u00f6rmlich, wie Sie in Schwung kommen, wieder wach und geistesgegenw\u00e4rtig sind.<\/p>\n","protected":false},"excerpt":{"rendered":"<p>Haben Sie noch etwas vor und f\u00fchlen sich eigentlich ein wenig schlapp\u2013 Dann ist dieses Bad das Mittel Ihrer Wahl. Eine Viertelstunde im aufmunternden Duft des w\u00fcrzigen Rosmarin Aktivierungsbades und Sie sp\u00fcren f\u00f6rmlich, wie Sie in Schwung kommen, wieder wach und geistesgegenw\u00e4rtig sind.<\/p>\n","protected":false},"featured_media":29257,"template":"","meta":{"_acf_changed":false},"product_brand":[567],"product_cat":[796],"product_tag":[],"class_list":{"0":"post-29255","1":"product","2":"type-product","3":"status-publish","4":"has-post-thumbnail","6":"product_brand-weleda","7":"product_cat-w","8":"pa_packungsgroesse-200ml","10":"first","11":"instock","12":"shipping-taxable","13":"purchasable","14":"product-type-simple"},"acf":[],"_links":{"self":[{"href":"https:\/\/www.ernstbrunn-apotheke.at\/katalog\/wp-json\/wp\/v2\/product\/29255","targetHints":{"allow":["GET"]}}],"collection":[{"href":"https:\/\/www.ernstbrunn-apotheke.at\/katalog\/wp-json\/wp\/v2\/product"}],"about":[{"href":"https:\/\/www.ernstbrunn-apotheke.at\/katalog\/wp-json\/wp\/v2\/types\/product"}],"wp:featuredmedia":[{"embeddable":true,"href":"https:\/\/www.ernstbrunn-apotheke.at\/katalog\/wp-json\/wp\/v2\/media\/29257"}],"wp:attachment":[{"href":"https:\/\/www.ernstbrunn-apotheke.at\/katalog\/wp-json\/wp\/v2\/media?parent=29255"}],"wp:term":[{"taxonomy":"product_brand","embeddable":true,"href":"https:\/\/www.ernstbrunn-apotheke.at\/katalog\/wp-json\/wp\/v2\/product_brand?post=29255"},{"taxonomy":"product_cat","embeddable":true,"href":"https:\/\/www.ernstbrunn-apotheke.at\/katalog\/wp-json\/wp\/v2\/product_cat?post=29255"},{"taxonomy":"product_tag","embeddable":true,"href":"https:\/\/www.ernstbrunn-apotheke.at\/katalog\/wp-json\/wp\/v2\/product_tag?post=29255"}],"curies":[{"name":"wp","href":"https:\/\/api.w.org\/{rel}","templated":true}]}}