{"id":29226,"date":"2025-11-08T00:16:23","date_gmt":"2025-11-07T23:16:23","guid":{"rendered":"https:\/\/www.ernstbrunn-apotheke.at\/katalog\/produkt\/dermasence-polaneth-lotion-500-ml\/"},"modified":"2025-12-08T15:05:28","modified_gmt":"2025-12-08T14:05:28","slug":"dermasence-polaneth-lotion-500-ml","status":"publish","type":"product","link":"https:\/\/www.ernstbrunn-apotheke.at\/katalog\/produkt\/dermasence-polaneth-lotion-500-ml\/","title":{"rendered":"Dermasence Polaneth Lotion 500 ml"},"content":{"rendered":"<p>Dermasence Polaneth Lotion 500 ml wurde speziell f\u00fcr die Haut im Alter konzipiert, die h\u00e4ufig zu extremer Trockenheit, Hautschuppen und Juckreiz neigt. Sie vermindert die Wahrnehmung und das Missempfinden von Juckreiz. Feuchtigkeitsregulierende Eigenschaften und hochwertige pflanzliche \u00d6le sch\u00fctzen vor dem Austrocknen. Die schnell einziehende Lotion kann auch nach Sonnenb\u00e4dern bei Spannen der Haut und Juckreiz eingesetzt werden<\/p>\n","protected":false},"excerpt":{"rendered":"<p>Dermasence Polaneth Lotion 500 ml wurde speziell f\u00fcr die Haut im Alter konzipiert, die h\u00e4ufig zu extremer Trockenheit, Hautschuppen und Juckreiz neigt. Sie vermindert die Wahrnehmung und das Missempfinden von Juckreiz. Feuchtigkeitsregulierende Eigenschaften und hochwertige pflanzliche \u00d6le sch\u00fctzen vor dem Austrocknen. Die schnell einziehende Lotion kann auch nach Sonnenb\u00e4dern bei Spannen der Haut und Juckreiz [&hellip;]<\/p>\n","protected":false},"featured_media":29228,"template":"","meta":{"_acf_changed":false},"product_brand":[680],"product_cat":[792],"product_tag":[],"class_list":{"0":"post-29226","1":"product","2":"type-product","3":"status-publish","4":"has-post-thumbnail","6":"product_brand-dermasence","7":"product_cat-d","8":"pa_packungsgroesse-500ml","10":"first","11":"instock","12":"shipping-taxable","13":"purchasable","14":"product-type-simple"},"acf":[],"_links":{"self":[{"href":"https:\/\/www.ernstbrunn-apotheke.at\/katalog\/wp-json\/wp\/v2\/product\/29226","targetHints":{"allow":["GET"]}}],"collection":[{"href":"https:\/\/www.ernstbrunn-apotheke.at\/katalog\/wp-json\/wp\/v2\/product"}],"about":[{"href":"https:\/\/www.ernstbrunn-apotheke.at\/katalog\/wp-json\/wp\/v2\/types\/product"}],"wp:featuredmedia":[{"embeddable":true,"href":"https:\/\/www.ernstbrunn-apotheke.at\/katalog\/wp-json\/wp\/v2\/media\/29228"}],"wp:attachment":[{"href":"https:\/\/www.ernstbrunn-apotheke.at\/katalog\/wp-json\/wp\/v2\/media?parent=29226"}],"wp:term":[{"taxonomy":"product_brand","embeddable":true,"href":"https:\/\/www.ernstbrunn-apotheke.at\/katalog\/wp-json\/wp\/v2\/product_brand?post=29226"},{"taxonomy":"product_cat","embeddable":true,"href":"https:\/\/www.ernstbrunn-apotheke.at\/katalog\/wp-json\/wp\/v2\/product_cat?post=29226"},{"taxonomy":"product_tag","embeddable":true,"href":"https:\/\/www.ernstbrunn-apotheke.at\/katalog\/wp-json\/wp\/v2\/product_tag?post=29226"}],"curies":[{"name":"wp","href":"https:\/\/api.w.org\/{rel}","templated":true}]}}