{"id":29215,"date":"2025-11-08T00:16:04","date_gmt":"2025-11-07T23:16:04","guid":{"rendered":"https:\/\/www.ernstbrunn-apotheke.at\/katalog\/produkt\/tena-waschhandschuh-ohne-folie-200-stk\/"},"modified":"2025-12-08T15:05:22","modified_gmt":"2025-12-08T14:05:22","slug":"tena-waschhandschuh-ohne-folie-200-stk","status":"publish","type":"product","link":"https:\/\/www.ernstbrunn-apotheke.at\/katalog\/produkt\/tena-waschhandschuh-ohne-folie-200-stk\/","title":{"rendered":"Tena Waschhandschuh ohne Folie 200 Stk."},"content":{"rendered":"<p>TENA Waschhandschuhe kombiniert die Sanftheit eines Tuches mit der Bequemlichkeit eines Handschuhs und ist ideal f\u00fcr die t\u00e4gliche K\u00f6rperreinigung. Der praktische Einweg-Waschhandschuh deckt die gesamte Hand f\u00fcr eine hygienische Reinigung ab. Hergestellt aus starken, aber besonders weichen Materialien zur Pflege der empfindlichen Haut. Ideal f\u00fcr den t\u00e4glichen Gebrauch f\u00fcr eine saubere und gesunde Haut &#8211; mit hohem Rabatt bestellen!<\/p>\n","protected":false},"excerpt":{"rendered":"<p>TENA Waschhandschuhe kombiniert die Sanftheit eines Tuches mit der Bequemlichkeit eines Handschuhs und ist ideal f\u00fcr die t\u00e4gliche K\u00f6rperreinigung. Der praktische Einweg-Waschhandschuh deckt die gesamte Hand f\u00fcr eine hygienische Reinigung ab. Hergestellt aus starken, aber besonders weichen Materialien zur Pflege der empfindlichen Haut. Ideal f\u00fcr den t\u00e4glichen Gebrauch f\u00fcr eine saubere und gesunde Haut &#8211; [&hellip;]<\/p>\n","protected":false},"featured_media":29217,"template":"","meta":{"_acf_changed":false},"product_brand":[],"product_cat":[798],"product_tag":[],"class_list":{"0":"post-29215","1":"product","2":"type-product","3":"status-publish","4":"has-post-thumbnail","6":"product_cat-t","7":"pa_packungsgroesse-200-stueck","9":"first","10":"instock","11":"shipping-taxable","12":"purchasable","13":"product-type-simple"},"acf":[],"_links":{"self":[{"href":"https:\/\/www.ernstbrunn-apotheke.at\/katalog\/wp-json\/wp\/v2\/product\/29215","targetHints":{"allow":["GET"]}}],"collection":[{"href":"https:\/\/www.ernstbrunn-apotheke.at\/katalog\/wp-json\/wp\/v2\/product"}],"about":[{"href":"https:\/\/www.ernstbrunn-apotheke.at\/katalog\/wp-json\/wp\/v2\/types\/product"}],"wp:featuredmedia":[{"embeddable":true,"href":"https:\/\/www.ernstbrunn-apotheke.at\/katalog\/wp-json\/wp\/v2\/media\/29217"}],"wp:attachment":[{"href":"https:\/\/www.ernstbrunn-apotheke.at\/katalog\/wp-json\/wp\/v2\/media?parent=29215"}],"wp:term":[{"taxonomy":"product_brand","embeddable":true,"href":"https:\/\/www.ernstbrunn-apotheke.at\/katalog\/wp-json\/wp\/v2\/product_brand?post=29215"},{"taxonomy":"product_cat","embeddable":true,"href":"https:\/\/www.ernstbrunn-apotheke.at\/katalog\/wp-json\/wp\/v2\/product_cat?post=29215"},{"taxonomy":"product_tag","embeddable":true,"href":"https:\/\/www.ernstbrunn-apotheke.at\/katalog\/wp-json\/wp\/v2\/product_tag?post=29215"}],"curies":[{"name":"wp","href":"https:\/\/api.w.org\/{rel}","templated":true}]}}