{"id":29199,"date":"2025-11-08T00:16:04","date_gmt":"2025-11-07T23:16:04","guid":{"rendered":"https:\/\/www.ernstbrunn-apotheke.at\/katalog\/produkt\/weleda-pearl-scrub-dusch-peeling-birke-150-ml\/"},"modified":"2025-12-08T15:05:18","modified_gmt":"2025-12-08T14:05:18","slug":"weleda-pearl-scrub-dusch-peeling-birke-150-ml","status":"publish","type":"product","link":"https:\/\/www.ernstbrunn-apotheke.at\/katalog\/produkt\/weleda-pearl-scrub-dusch-peeling-birke-150-ml\/","title":{"rendered":"Weleda Pearl Scrub &#8211; Dusch-Peeling Birke 150 ml"},"content":{"rendered":"<p>Weleda Birken-Dusch-Peeling schenkt Ihnen ein verfeinertes, strahlendes Hautbild. Feine, naturreine Wachsperlen aus Carnauba- und Bienenwachs regen mit einer Massage die Mikrozirkulation an, f\u00f6rdern die Zellaktivit\u00e4t und unterst\u00fctzen die nat\u00fcrliche Hauterneuerung &#8211; WELEDA Kosmetik jetzt stark preisgesenkt bestellen!<\/p>\n","protected":false},"excerpt":{"rendered":"<p>Weleda Birken-Dusch-Peeling schenkt Ihnen ein verfeinertes, strahlendes Hautbild. Feine, naturreine Wachsperlen aus Carnauba- und Bienenwachs regen mit einer Massage die Mikrozirkulation an, f\u00f6rdern die Zellaktivit\u00e4t und unterst\u00fctzen die nat\u00fcrliche Hauterneuerung &#8211; WELEDA Kosmetik jetzt stark preisgesenkt bestellen!<\/p>\n","protected":false},"featured_media":29201,"template":"","meta":{"_acf_changed":false},"product_brand":[567],"product_cat":[796],"product_tag":[],"class_list":{"0":"post-29199","1":"product","2":"type-product","3":"status-publish","4":"has-post-thumbnail","6":"product_brand-weleda","7":"product_cat-w","8":"pa_packungsgroesse-150ml","10":"first","11":"instock","12":"shipping-taxable","13":"purchasable","14":"product-type-simple"},"acf":[],"_links":{"self":[{"href":"https:\/\/www.ernstbrunn-apotheke.at\/katalog\/wp-json\/wp\/v2\/product\/29199","targetHints":{"allow":["GET"]}}],"collection":[{"href":"https:\/\/www.ernstbrunn-apotheke.at\/katalog\/wp-json\/wp\/v2\/product"}],"about":[{"href":"https:\/\/www.ernstbrunn-apotheke.at\/katalog\/wp-json\/wp\/v2\/types\/product"}],"wp:featuredmedia":[{"embeddable":true,"href":"https:\/\/www.ernstbrunn-apotheke.at\/katalog\/wp-json\/wp\/v2\/media\/29201"}],"wp:attachment":[{"href":"https:\/\/www.ernstbrunn-apotheke.at\/katalog\/wp-json\/wp\/v2\/media?parent=29199"}],"wp:term":[{"taxonomy":"product_brand","embeddable":true,"href":"https:\/\/www.ernstbrunn-apotheke.at\/katalog\/wp-json\/wp\/v2\/product_brand?post=29199"},{"taxonomy":"product_cat","embeddable":true,"href":"https:\/\/www.ernstbrunn-apotheke.at\/katalog\/wp-json\/wp\/v2\/product_cat?post=29199"},{"taxonomy":"product_tag","embeddable":true,"href":"https:\/\/www.ernstbrunn-apotheke.at\/katalog\/wp-json\/wp\/v2\/product_tag?post=29199"}],"curies":[{"name":"wp","href":"https:\/\/api.w.org\/{rel}","templated":true}]}}