{"id":29164,"date":"2025-11-08T00:15:17","date_gmt":"2025-11-07T23:15:17","guid":{"rendered":"https:\/\/www.ernstbrunn-apotheke.at\/katalog\/produkt\/kneipp-schaumdusche-wach-gekuesst-200-ml\/"},"modified":"2025-12-08T15:05:07","modified_gmt":"2025-12-08T14:05:07","slug":"kneipp-schaumdusche-wach-gekuesst-200-ml","status":"publish","type":"product","link":"https:\/\/www.ernstbrunn-apotheke.at\/katalog\/produkt\/kneipp-schaumdusche-wach-gekuesst-200-ml\/","title":{"rendered":"Kneipp Schaumdusche Wach Gek\u00fcsst 200 ml"},"content":{"rendered":"<p>Kneipp Schaumdusche Wach Gek\u00fcsst \u2013 ein besonderer Moment, der einfach nur mir geh\u00f6rt. Der zarte Duft der Orangenbl\u00fcte und die besondere Textur mit nat\u00fcrlichem, pflegendem Jojoba\u00f6l schenken ein au\u00dfergew\u00f6hnliches Duscherlebnis.<\/p>\n","protected":false},"excerpt":{"rendered":"<p>Kneipp Schaumdusche Wach Gek\u00fcsst \u2013 ein besonderer Moment, der einfach nur mir geh\u00f6rt. Der zarte Duft der Orangenbl\u00fcte und die besondere Textur mit nat\u00fcrlichem, pflegendem Jojoba\u00f6l schenken ein au\u00dfergew\u00f6hnliches Duscherlebnis.<\/p>\n","protected":false},"featured_media":29166,"template":"","meta":{"_acf_changed":false},"product_brand":[662],"product_cat":[807],"product_tag":[],"class_list":{"0":"post-29164","1":"product","2":"type-product","3":"status-publish","4":"has-post-thumbnail","6":"product_brand-kneipp","7":"product_cat-k","8":"pa_packungsgroesse-200ml","10":"first","11":"instock","12":"shipping-taxable","13":"purchasable","14":"product-type-simple"},"acf":[],"_links":{"self":[{"href":"https:\/\/www.ernstbrunn-apotheke.at\/katalog\/wp-json\/wp\/v2\/product\/29164","targetHints":{"allow":["GET"]}}],"collection":[{"href":"https:\/\/www.ernstbrunn-apotheke.at\/katalog\/wp-json\/wp\/v2\/product"}],"about":[{"href":"https:\/\/www.ernstbrunn-apotheke.at\/katalog\/wp-json\/wp\/v2\/types\/product"}],"wp:featuredmedia":[{"embeddable":true,"href":"https:\/\/www.ernstbrunn-apotheke.at\/katalog\/wp-json\/wp\/v2\/media\/29166"}],"wp:attachment":[{"href":"https:\/\/www.ernstbrunn-apotheke.at\/katalog\/wp-json\/wp\/v2\/media?parent=29164"}],"wp:term":[{"taxonomy":"product_brand","embeddable":true,"href":"https:\/\/www.ernstbrunn-apotheke.at\/katalog\/wp-json\/wp\/v2\/product_brand?post=29164"},{"taxonomy":"product_cat","embeddable":true,"href":"https:\/\/www.ernstbrunn-apotheke.at\/katalog\/wp-json\/wp\/v2\/product_cat?post=29164"},{"taxonomy":"product_tag","embeddable":true,"href":"https:\/\/www.ernstbrunn-apotheke.at\/katalog\/wp-json\/wp\/v2\/product_tag?post=29164"}],"curies":[{"name":"wp","href":"https:\/\/api.w.org\/{rel}","templated":true}]}}