{"id":29154,"date":"2025-11-08T00:15:17","date_gmt":"2025-11-07T23:15:17","guid":{"rendered":"https:\/\/www.ernstbrunn-apotheke.at\/katalog\/produkt\/tiroler-steinoel-bad-250-ml\/"},"modified":"2025-12-08T15:05:06","modified_gmt":"2025-12-08T14:05:06","slug":"tiroler-steinoel-bad-250-ml","status":"publish","type":"product","link":"https:\/\/www.ernstbrunn-apotheke.at\/katalog\/produkt\/tiroler-steinoel-bad-250-ml\/","title":{"rendered":"Tiroler Stein\u00f6l Bad 250 ml"},"content":{"rendered":"<p>Tiroler Stein\u00f6l Bad ist hat eine wohltuende Wirkung auf Muskeln und Gelenke. Es dient nicht nur zur \u00e4Badewannenkur daheim\u201c, das Stein\u00f6l-Bad kommt seit langem auch in Krankenh\u00e4usern, Reha-Zentren und Kuranstalten zur Anwendung<\/p>\n","protected":false},"excerpt":{"rendered":"<p>Tiroler Stein\u00f6l Bad ist hat eine wohltuende Wirkung auf Muskeln und Gelenke. Es dient nicht nur zur \u00e4Badewannenkur daheim\u201c, das Stein\u00f6l-Bad kommt seit langem auch in Krankenh\u00e4usern, Reha-Zentren und Kuranstalten zur Anwendung<\/p>\n","protected":false},"featured_media":29156,"template":"","meta":{"_acf_changed":false},"product_brand":[],"product_cat":[798],"product_tag":[],"class_list":{"0":"post-29154","1":"product","2":"type-product","3":"status-publish","4":"has-post-thumbnail","6":"product_cat-t","7":"pa_packungsgroesse-250ml","9":"first","10":"instock","11":"shipping-taxable","12":"purchasable","13":"product-type-simple"},"acf":[],"_links":{"self":[{"href":"https:\/\/www.ernstbrunn-apotheke.at\/katalog\/wp-json\/wp\/v2\/product\/29154","targetHints":{"allow":["GET"]}}],"collection":[{"href":"https:\/\/www.ernstbrunn-apotheke.at\/katalog\/wp-json\/wp\/v2\/product"}],"about":[{"href":"https:\/\/www.ernstbrunn-apotheke.at\/katalog\/wp-json\/wp\/v2\/types\/product"}],"wp:featuredmedia":[{"embeddable":true,"href":"https:\/\/www.ernstbrunn-apotheke.at\/katalog\/wp-json\/wp\/v2\/media\/29156"}],"wp:attachment":[{"href":"https:\/\/www.ernstbrunn-apotheke.at\/katalog\/wp-json\/wp\/v2\/media?parent=29154"}],"wp:term":[{"taxonomy":"product_brand","embeddable":true,"href":"https:\/\/www.ernstbrunn-apotheke.at\/katalog\/wp-json\/wp\/v2\/product_brand?post=29154"},{"taxonomy":"product_cat","embeddable":true,"href":"https:\/\/www.ernstbrunn-apotheke.at\/katalog\/wp-json\/wp\/v2\/product_cat?post=29154"},{"taxonomy":"product_tag","embeddable":true,"href":"https:\/\/www.ernstbrunn-apotheke.at\/katalog\/wp-json\/wp\/v2\/product_tag?post=29154"}],"curies":[{"name":"wp","href":"https:\/\/api.w.org\/{rel}","templated":true}]}}