{"id":29142,"date":"2025-11-08T00:15:07","date_gmt":"2025-11-07T23:15:07","guid":{"rendered":"https:\/\/www.ernstbrunn-apotheke.at\/katalog\/produkt\/casida-magnesiumchlorid-vitalbad-fuss-vollbaeder-mit-zechstein-magnesium-1000g\/"},"modified":"2025-12-08T15:04:58","modified_gmt":"2025-12-08T14:04:58","slug":"casida-magnesiumchlorid-vitalbad-fuss-vollbaeder-mit-zechstein-magnesium-1000g","status":"publish","type":"product","link":"https:\/\/www.ernstbrunn-apotheke.at\/katalog\/produkt\/casida-magnesiumchlorid-vitalbad-fuss-vollbaeder-mit-zechstein-magnesium-1000g\/","title":{"rendered":"Casida MAGNESIUMCHLORID VITALBAD Fu\u00df- &#038; Vollb\u00e4der mit Zechstein Magnesium &#8211; 1000g"},"content":{"rendered":"<p>Casida Magnesiumchlorid Vitalbad Zechstein ist ein magnesiumreicher Badezusatz f\u00fcr Fu\u00df- und Vollb\u00e4der.<\/p>\n","protected":false},"excerpt":{"rendered":"<p>Casida Magnesiumchlorid Vitalbad Zechstein ist ein magnesiumreicher Badezusatz f\u00fcr Fu\u00df- und Vollb\u00e4der.<\/p>\n","protected":false},"featured_media":29144,"template":"","meta":{"_acf_changed":false},"product_brand":[],"product_cat":[812],"product_tag":[],"class_list":{"0":"post-29142","1":"product","2":"type-product","3":"status-publish","4":"has-post-thumbnail","6":"product_cat-c","7":"pa_packungsgroesse-1kg","9":"first","10":"instock","11":"shipping-taxable","12":"purchasable","13":"product-type-simple"},"acf":[],"_links":{"self":[{"href":"https:\/\/www.ernstbrunn-apotheke.at\/katalog\/wp-json\/wp\/v2\/product\/29142","targetHints":{"allow":["GET"]}}],"collection":[{"href":"https:\/\/www.ernstbrunn-apotheke.at\/katalog\/wp-json\/wp\/v2\/product"}],"about":[{"href":"https:\/\/www.ernstbrunn-apotheke.at\/katalog\/wp-json\/wp\/v2\/types\/product"}],"wp:featuredmedia":[{"embeddable":true,"href":"https:\/\/www.ernstbrunn-apotheke.at\/katalog\/wp-json\/wp\/v2\/media\/29144"}],"wp:attachment":[{"href":"https:\/\/www.ernstbrunn-apotheke.at\/katalog\/wp-json\/wp\/v2\/media?parent=29142"}],"wp:term":[{"taxonomy":"product_brand","embeddable":true,"href":"https:\/\/www.ernstbrunn-apotheke.at\/katalog\/wp-json\/wp\/v2\/product_brand?post=29142"},{"taxonomy":"product_cat","embeddable":true,"href":"https:\/\/www.ernstbrunn-apotheke.at\/katalog\/wp-json\/wp\/v2\/product_cat?post=29142"},{"taxonomy":"product_tag","embeddable":true,"href":"https:\/\/www.ernstbrunn-apotheke.at\/katalog\/wp-json\/wp\/v2\/product_tag?post=29142"}],"curies":[{"name":"wp","href":"https:\/\/api.w.org\/{rel}","templated":true}]}}