{"id":29081,"date":"2025-11-08T00:13:49","date_gmt":"2025-11-07T23:13:49","guid":{"rendered":"https:\/\/www.ernstbrunn-apotheke.at\/katalog\/produkt\/lierac-sunissime-apres-soleil-feuchtigkeitsmilch-150-ml\/"},"modified":"2025-12-08T15:04:41","modified_gmt":"2025-12-08T14:04:41","slug":"lierac-sunissime-apres-soleil-feuchtigkeitsmilch-150-ml","status":"publish","type":"product","link":"https:\/\/www.ernstbrunn-apotheke.at\/katalog\/produkt\/lierac-sunissime-apres-soleil-feuchtigkeitsmilch-150-ml\/","title":{"rendered":"Lierac Sunissime Apr\u00e8s-Soleil Feuchtigkeitsmilch 150 ml"},"content":{"rendered":"<p>Lierac Sunissime Apr\u00e8s-Soleil Feuchtigkeitsmilch 150 ml vereint eine intensiv beruhigende Pflegewirkung und eine sch\u00f6ne Br\u00e4unung ohne Pigmentst\u00f6rungen. Basierend auf Omega 3 und 9, Hamamelisextrakt, Hyalurons\u00e4ure und einem br\u00e4unungsaktivierenden Peptid, reduziert die aktivierende Textur die Hauttemperatur und sorgt f\u00fcr eine sofortige beruhigende Wirkung.<\/p>\n","protected":false},"excerpt":{"rendered":"<p>Lierac Sunissime Apr\u00e8s-Soleil Feuchtigkeitsmilch 150 ml vereint eine intensiv beruhigende Pflegewirkung und eine sch\u00f6ne Br\u00e4unung ohne Pigmentst\u00f6rungen. Basierend auf Omega 3 und 9, Hamamelisextrakt, Hyalurons\u00e4ure und einem br\u00e4unungsaktivierenden Peptid, reduziert die aktivierende Textur die Hauttemperatur und sorgt f\u00fcr eine sofortige beruhigende Wirkung.<\/p>\n","protected":false},"featured_media":29083,"template":"","meta":{"_acf_changed":false},"product_brand":[709],"product_cat":[795],"product_tag":[],"class_list":{"0":"post-29081","1":"product","2":"type-product","3":"status-publish","4":"has-post-thumbnail","6":"product_brand-lierac","7":"product_cat-l","8":"pa_packungsgroesse-150ml","10":"first","11":"instock","12":"shipping-taxable","13":"purchasable","14":"product-type-simple"},"acf":[],"_links":{"self":[{"href":"https:\/\/www.ernstbrunn-apotheke.at\/katalog\/wp-json\/wp\/v2\/product\/29081","targetHints":{"allow":["GET"]}}],"collection":[{"href":"https:\/\/www.ernstbrunn-apotheke.at\/katalog\/wp-json\/wp\/v2\/product"}],"about":[{"href":"https:\/\/www.ernstbrunn-apotheke.at\/katalog\/wp-json\/wp\/v2\/types\/product"}],"wp:featuredmedia":[{"embeddable":true,"href":"https:\/\/www.ernstbrunn-apotheke.at\/katalog\/wp-json\/wp\/v2\/media\/29083"}],"wp:attachment":[{"href":"https:\/\/www.ernstbrunn-apotheke.at\/katalog\/wp-json\/wp\/v2\/media?parent=29081"}],"wp:term":[{"taxonomy":"product_brand","embeddable":true,"href":"https:\/\/www.ernstbrunn-apotheke.at\/katalog\/wp-json\/wp\/v2\/product_brand?post=29081"},{"taxonomy":"product_cat","embeddable":true,"href":"https:\/\/www.ernstbrunn-apotheke.at\/katalog\/wp-json\/wp\/v2\/product_cat?post=29081"},{"taxonomy":"product_tag","embeddable":true,"href":"https:\/\/www.ernstbrunn-apotheke.at\/katalog\/wp-json\/wp\/v2\/product_tag?post=29081"}],"curies":[{"name":"wp","href":"https:\/\/api.w.org\/{rel}","templated":true}]}}