{"id":29016,"date":"2025-11-08T00:12:52","date_gmt":"2025-11-07T23:12:52","guid":{"rendered":"https:\/\/www.ernstbrunn-apotheke.at\/katalog\/produkt\/nuxe-reve-de-miel-reinigungsgel-400-ml\/"},"modified":"2025-12-08T15:04:26","modified_gmt":"2025-12-08T14:04:26","slug":"nuxe-reve-de-miel-reinigungsgel-400-ml","status":"publish","type":"product","link":"https:\/\/www.ernstbrunn-apotheke.at\/katalog\/produkt\/nuxe-reve-de-miel-reinigungsgel-400-ml\/","title":{"rendered":"Nuxe Reve de Miel Reinigungsgel 400 ml"},"content":{"rendered":"<p>Nuxe Reve de Miel Reinigungsgel pflegt trockene und empfindliche Haut Tag f\u00fcr Tag. Mit seinem atemberaubenden Honig-Aroma sch\u00fctzt die reichhaltige Gesichts- und K\u00f6rperpflege mit Honig und Sonnenblume den Hydrolipidfilm der Haut. Reinigt Gesicht und K\u00f6rper, ohne dabei die Haut auszutrocknen. Nehmen Sie sich Zeit, die nur Ihnen geh\u00f6rt und g\u00f6nnen Sie sich eine verw\u00f6hnende Pflegedusche.<\/p>\n","protected":false},"excerpt":{"rendered":"<p>Nuxe Reve de Miel Reinigungsgel pflegt trockene und empfindliche Haut Tag f\u00fcr Tag. Mit seinem atemberaubenden Honig-Aroma sch\u00fctzt die reichhaltige Gesichts- und K\u00f6rperpflege mit Honig und Sonnenblume den Hydrolipidfilm der Haut. Reinigt Gesicht und K\u00f6rper, ohne dabei die Haut auszutrocknen. Nehmen Sie sich Zeit, die nur Ihnen geh\u00f6rt und g\u00f6nnen Sie sich eine verw\u00f6hnende Pflegedusche.<\/p>\n","protected":false},"featured_media":29018,"template":"","meta":{"_acf_changed":false},"product_brand":[705],"product_cat":[797],"product_tag":[],"class_list":{"0":"post-29016","1":"product","2":"type-product","3":"status-publish","4":"has-post-thumbnail","6":"product_brand-nuxe","7":"product_cat-n","8":"pa_packungsgroesse-400ml","10":"first","11":"instock","12":"shipping-taxable","13":"purchasable","14":"product-type-simple"},"acf":[],"_links":{"self":[{"href":"https:\/\/www.ernstbrunn-apotheke.at\/katalog\/wp-json\/wp\/v2\/product\/29016","targetHints":{"allow":["GET"]}}],"collection":[{"href":"https:\/\/www.ernstbrunn-apotheke.at\/katalog\/wp-json\/wp\/v2\/product"}],"about":[{"href":"https:\/\/www.ernstbrunn-apotheke.at\/katalog\/wp-json\/wp\/v2\/types\/product"}],"wp:featuredmedia":[{"embeddable":true,"href":"https:\/\/www.ernstbrunn-apotheke.at\/katalog\/wp-json\/wp\/v2\/media\/29018"}],"wp:attachment":[{"href":"https:\/\/www.ernstbrunn-apotheke.at\/katalog\/wp-json\/wp\/v2\/media?parent=29016"}],"wp:term":[{"taxonomy":"product_brand","embeddable":true,"href":"https:\/\/www.ernstbrunn-apotheke.at\/katalog\/wp-json\/wp\/v2\/product_brand?post=29016"},{"taxonomy":"product_cat","embeddable":true,"href":"https:\/\/www.ernstbrunn-apotheke.at\/katalog\/wp-json\/wp\/v2\/product_cat?post=29016"},{"taxonomy":"product_tag","embeddable":true,"href":"https:\/\/www.ernstbrunn-apotheke.at\/katalog\/wp-json\/wp\/v2\/product_tag?post=29016"}],"curies":[{"name":"wp","href":"https:\/\/api.w.org\/{rel}","templated":true}]}}