{"id":29006,"date":"2025-11-08T00:12:21","date_gmt":"2025-11-07T23:12:21","guid":{"rendered":"https:\/\/www.ernstbrunn-apotheke.at\/katalog\/produkt\/dermasel-spa-sexy-skin-totes-meer-koerperpeeling-38-ml-mango\/"},"modified":"2025-12-08T15:04:22","modified_gmt":"2025-12-08T14:04:22","slug":"dermasel-spa-sexy-skin-totes-meer-koerperpeeling-38-ml-mango","status":"publish","type":"product","link":"https:\/\/www.ernstbrunn-apotheke.at\/katalog\/produkt\/dermasel-spa-sexy-skin-totes-meer-koerperpeeling-38-ml-mango\/","title":{"rendered":"Dermasel spa sexy skin Totes Meer K\u00f6rperpeeling 38 ml Mango"},"content":{"rendered":"<p>Dermasel spa sexy skin Totes Meer K\u00f6rperpeeling befreit die Haut von verhornten Hautzellen und Talgablagerungen und regt die Mikrozirkulation der Haut an. Die nat\u00fcrliche Wirkfunktion der Mineralsalze aus dem Toten Meer verbessert die Wasserbindekapazit\u00e4t in der Haut und hinterl\u00e4sst ein strafferes, gefestigtes Hautgef\u00fchl<\/p>\n","protected":false},"excerpt":{"rendered":"<p>Dermasel spa sexy skin Totes Meer K\u00f6rperpeeling befreit die Haut von verhornten Hautzellen und Talgablagerungen und regt die Mikrozirkulation der Haut an. Die nat\u00fcrliche Wirkfunktion der Mineralsalze aus dem Toten Meer verbessert die Wasserbindekapazit\u00e4t in der Haut und hinterl\u00e4sst ein strafferes, gefestigtes Hautgef\u00fchl<\/p>\n","protected":false},"featured_media":29008,"template":"","meta":{"_acf_changed":false},"product_brand":[684],"product_cat":[792],"product_tag":[],"class_list":{"0":"post-29006","1":"product","2":"type-product","3":"status-publish","4":"has-post-thumbnail","6":"product_brand-dermasel","7":"product_cat-d","8":"pa_packungsgroesse-38ml","10":"first","11":"instock","12":"shipping-taxable","13":"purchasable","14":"product-type-simple"},"acf":[],"_links":{"self":[{"href":"https:\/\/www.ernstbrunn-apotheke.at\/katalog\/wp-json\/wp\/v2\/product\/29006","targetHints":{"allow":["GET"]}}],"collection":[{"href":"https:\/\/www.ernstbrunn-apotheke.at\/katalog\/wp-json\/wp\/v2\/product"}],"about":[{"href":"https:\/\/www.ernstbrunn-apotheke.at\/katalog\/wp-json\/wp\/v2\/types\/product"}],"wp:featuredmedia":[{"embeddable":true,"href":"https:\/\/www.ernstbrunn-apotheke.at\/katalog\/wp-json\/wp\/v2\/media\/29008"}],"wp:attachment":[{"href":"https:\/\/www.ernstbrunn-apotheke.at\/katalog\/wp-json\/wp\/v2\/media?parent=29006"}],"wp:term":[{"taxonomy":"product_brand","embeddable":true,"href":"https:\/\/www.ernstbrunn-apotheke.at\/katalog\/wp-json\/wp\/v2\/product_brand?post=29006"},{"taxonomy":"product_cat","embeddable":true,"href":"https:\/\/www.ernstbrunn-apotheke.at\/katalog\/wp-json\/wp\/v2\/product_cat?post=29006"},{"taxonomy":"product_tag","embeddable":true,"href":"https:\/\/www.ernstbrunn-apotheke.at\/katalog\/wp-json\/wp\/v2\/product_tag?post=29006"}],"curies":[{"name":"wp","href":"https:\/\/api.w.org\/{rel}","templated":true}]}}