{"id":29002,"date":"2025-11-08T00:12:21","date_gmt":"2025-11-07T23:12:21","guid":{"rendered":"https:\/\/www.ernstbrunn-apotheke.at\/katalog\/produkt\/weleda-express-feuchtigkeit-koerperlotion-citrus-200-ml\/"},"modified":"2025-12-08T15:04:20","modified_gmt":"2025-12-08T14:04:20","slug":"weleda-express-feuchtigkeit-koerperlotion-citrus-200-ml","status":"publish","type":"product","link":"https:\/\/www.ernstbrunn-apotheke.at\/katalog\/produkt\/weleda-express-feuchtigkeit-koerperlotion-citrus-200-ml\/","title":{"rendered":"Weleda Express-Feuchtigkeit K\u00f6rperlotion Citrus 200 ml"},"content":{"rendered":"<p>Die leichte\u00a0und schnell einziehende Lotion mit dem belebenden Duft sonnengereifter Zitronen spendet sofortige Erfrischung und langanhaltende Feuchtigkeit. Die einzigartige Rezeptur mit\u00a0Bio-Aloe Vera Gel\u00a0und\u00a0Bio-Kokos\u00f6l hinterl\u00e4sst ein weiches, angenehmes Hautgef\u00fchl.<\/p>\n<p>&#13;<\/p>\n<ul>&#13;<\/p>\n<li>24 Stunden Feuchtigkeit<\/li>\n<p>&#13;<\/p>\n<li>F\u00fcr geschmeidige, weiche Haut<\/li>\n<p>&#13;<\/p>\n<li>Zieht schnell ein. Sie k\u00f6nnen sich sofort nach dem Auftragen Ankleiden.<\/li>\n<p>&#13;<\/p>\n<li>Hautvertr\u00e4glichkeit und Wirksamkeit dermatologisch best\u00e4tigt<\/li>\n<p>&#13;\n<\/ul>\n","protected":false},"excerpt":{"rendered":"<p>Die leichte\u00a0und schnell einziehende Lotion mit dem belebenden Duft sonnengereifter Zitronen spendet sofortige Erfrischung und langanhaltende Feuchtigkeit. Die einzigartige Rezeptur mit\u00a0Bio-Aloe Vera Gel\u00a0und\u00a0Bio-Kokos\u00f6l hinterl\u00e4sst ein weiches, angenehmes Hautgef\u00fchl. &#13; &#13; 24 Stunden Feuchtigkeit &#13; F\u00fcr geschmeidige, weiche Haut &#13; Zieht schnell ein. Sie k\u00f6nnen sich sofort nach dem Auftragen Ankleiden. &#13; Hautvertr\u00e4glichkeit und Wirksamkeit dermatologisch [&hellip;]<\/p>\n","protected":false},"featured_media":29004,"template":"","meta":{"_acf_changed":false},"product_brand":[567],"product_cat":[796],"product_tag":[],"class_list":{"0":"post-29002","1":"product","2":"type-product","3":"status-publish","4":"has-post-thumbnail","6":"product_brand-weleda","7":"product_cat-w","8":"pa_packungsgroesse-200ml","10":"first","11":"instock","12":"shipping-taxable","13":"purchasable","14":"product-type-simple"},"acf":[],"_links":{"self":[{"href":"https:\/\/www.ernstbrunn-apotheke.at\/katalog\/wp-json\/wp\/v2\/product\/29002","targetHints":{"allow":["GET"]}}],"collection":[{"href":"https:\/\/www.ernstbrunn-apotheke.at\/katalog\/wp-json\/wp\/v2\/product"}],"about":[{"href":"https:\/\/www.ernstbrunn-apotheke.at\/katalog\/wp-json\/wp\/v2\/types\/product"}],"wp:featuredmedia":[{"embeddable":true,"href":"https:\/\/www.ernstbrunn-apotheke.at\/katalog\/wp-json\/wp\/v2\/media\/29004"}],"wp:attachment":[{"href":"https:\/\/www.ernstbrunn-apotheke.at\/katalog\/wp-json\/wp\/v2\/media?parent=29002"}],"wp:term":[{"taxonomy":"product_brand","embeddable":true,"href":"https:\/\/www.ernstbrunn-apotheke.at\/katalog\/wp-json\/wp\/v2\/product_brand?post=29002"},{"taxonomy":"product_cat","embeddable":true,"href":"https:\/\/www.ernstbrunn-apotheke.at\/katalog\/wp-json\/wp\/v2\/product_cat?post=29002"},{"taxonomy":"product_tag","embeddable":true,"href":"https:\/\/www.ernstbrunn-apotheke.at\/katalog\/wp-json\/wp\/v2\/product_tag?post=29002"}],"curies":[{"name":"wp","href":"https:\/\/api.w.org\/{rel}","templated":true}]}}