{"id":28979,"date":"2025-11-08T00:12:21","date_gmt":"2025-11-07T23:12:21","guid":{"rendered":"https:\/\/www.ernstbrunn-apotheke.at\/katalog\/produkt\/eubus-fluessig-wasch-und-dusch-rot-400-ml\/"},"modified":"2025-12-08T15:04:16","modified_gmt":"2025-12-08T14:04:16","slug":"eubus-fluessig-wasch-und-dusch-rot-400-ml","status":"publish","type":"product","link":"https:\/\/www.ernstbrunn-apotheke.at\/katalog\/produkt\/eubus-fluessig-wasch-und-dusch-rot-400-ml\/","title":{"rendered":"Eubus Fl\u00fcssig Wasch und Dusch Rot 400 ml"},"content":{"rendered":"<p>Eubos Fl\u00fcssig Wasch+Dusch ist eine Wasch-, Dusch- und Badeemulsion zur t\u00e4glichen, medizinisch schonenden K\u00f6rperreinigung f\u00fcr normale, Mischhaut und unreine Haut.<\/p>\n","protected":false},"excerpt":{"rendered":"<p>Eubos Fl\u00fcssig Wasch+Dusch ist eine Wasch-, Dusch- und Badeemulsion zur t\u00e4glichen, medizinisch schonenden K\u00f6rperreinigung f\u00fcr normale, Mischhaut und unreine Haut.<\/p>\n","protected":false},"featured_media":28981,"template":"","meta":{"_acf_changed":false},"product_brand":[694],"product_cat":[794],"product_tag":[],"class_list":{"0":"post-28979","1":"product","2":"type-product","3":"status-publish","4":"has-post-thumbnail","6":"product_brand-eubos","7":"product_cat-e","8":"pa_packungsgroesse-400ml","10":"first","11":"instock","12":"shipping-taxable","13":"purchasable","14":"product-type-simple"},"acf":[],"_links":{"self":[{"href":"https:\/\/www.ernstbrunn-apotheke.at\/katalog\/wp-json\/wp\/v2\/product\/28979","targetHints":{"allow":["GET"]}}],"collection":[{"href":"https:\/\/www.ernstbrunn-apotheke.at\/katalog\/wp-json\/wp\/v2\/product"}],"about":[{"href":"https:\/\/www.ernstbrunn-apotheke.at\/katalog\/wp-json\/wp\/v2\/types\/product"}],"wp:featuredmedia":[{"embeddable":true,"href":"https:\/\/www.ernstbrunn-apotheke.at\/katalog\/wp-json\/wp\/v2\/media\/28981"}],"wp:attachment":[{"href":"https:\/\/www.ernstbrunn-apotheke.at\/katalog\/wp-json\/wp\/v2\/media?parent=28979"}],"wp:term":[{"taxonomy":"product_brand","embeddable":true,"href":"https:\/\/www.ernstbrunn-apotheke.at\/katalog\/wp-json\/wp\/v2\/product_brand?post=28979"},{"taxonomy":"product_cat","embeddable":true,"href":"https:\/\/www.ernstbrunn-apotheke.at\/katalog\/wp-json\/wp\/v2\/product_cat?post=28979"},{"taxonomy":"product_tag","embeddable":true,"href":"https:\/\/www.ernstbrunn-apotheke.at\/katalog\/wp-json\/wp\/v2\/product_tag?post=28979"}],"curies":[{"name":"wp","href":"https:\/\/api.w.org\/{rel}","templated":true}]}}