{"id":28967,"date":"2025-11-08T00:11:50","date_gmt":"2025-11-07T23:11:50","guid":{"rendered":"https:\/\/www.ernstbrunn-apotheke.at\/katalog\/produkt\/eubos-hautbalsam-f-200-ml\/"},"modified":"2025-12-08T15:04:13","modified_gmt":"2025-12-08T14:04:13","slug":"eubos-hautbalsam-f-200-ml","status":"publish","type":"product","link":"https:\/\/www.ernstbrunn-apotheke.at\/katalog\/produkt\/eubos-hautbalsam-f-200-ml\/","title":{"rendered":"Eubos Hautbalsam F 200 ml"},"content":{"rendered":"<p>Eubos Haut Balsam F ist eine fett spendende, reichhaltige K\u00f6rperlotion f\u00fcr trockene und sehr trockene Haut zur t\u00e4glichen, medizinischen Hautpflege.<\/p>\n","protected":false},"excerpt":{"rendered":"<p>Eubos Haut Balsam F ist eine fett spendende, reichhaltige K\u00f6rperlotion f\u00fcr trockene und sehr trockene Haut zur t\u00e4glichen, medizinischen Hautpflege.<\/p>\n","protected":false},"featured_media":28969,"template":"","meta":{"_acf_changed":false},"product_brand":[694],"product_cat":[794],"product_tag":[],"class_list":{"0":"post-28967","1":"product","2":"type-product","3":"status-publish","4":"has-post-thumbnail","6":"product_brand-eubos","7":"product_cat-e","8":"pa_packungsgroesse-200ml","10":"first","11":"instock","12":"shipping-taxable","13":"purchasable","14":"product-type-simple"},"acf":[],"_links":{"self":[{"href":"https:\/\/www.ernstbrunn-apotheke.at\/katalog\/wp-json\/wp\/v2\/product\/28967","targetHints":{"allow":["GET"]}}],"collection":[{"href":"https:\/\/www.ernstbrunn-apotheke.at\/katalog\/wp-json\/wp\/v2\/product"}],"about":[{"href":"https:\/\/www.ernstbrunn-apotheke.at\/katalog\/wp-json\/wp\/v2\/types\/product"}],"wp:featuredmedia":[{"embeddable":true,"href":"https:\/\/www.ernstbrunn-apotheke.at\/katalog\/wp-json\/wp\/v2\/media\/28969"}],"wp:attachment":[{"href":"https:\/\/www.ernstbrunn-apotheke.at\/katalog\/wp-json\/wp\/v2\/media?parent=28967"}],"wp:term":[{"taxonomy":"product_brand","embeddable":true,"href":"https:\/\/www.ernstbrunn-apotheke.at\/katalog\/wp-json\/wp\/v2\/product_brand?post=28967"},{"taxonomy":"product_cat","embeddable":true,"href":"https:\/\/www.ernstbrunn-apotheke.at\/katalog\/wp-json\/wp\/v2\/product_cat?post=28967"},{"taxonomy":"product_tag","embeddable":true,"href":"https:\/\/www.ernstbrunn-apotheke.at\/katalog\/wp-json\/wp\/v2\/product_tag?post=28967"}],"curies":[{"name":"wp","href":"https:\/\/api.w.org\/{rel}","templated":true}]}}