{"id":28941,"date":"2025-11-08T00:11:33","date_gmt":"2025-11-07T23:11:33","guid":{"rendered":"https:\/\/www.ernstbrunn-apotheke.at\/katalog\/produkt\/molicare-skin-hautschutzcreme-200-ml\/"},"modified":"2025-12-08T15:04:07","modified_gmt":"2025-12-08T14:04:07","slug":"molicare-skin-hautschutzcreme-200-ml","status":"publish","type":"product","link":"https:\/\/www.ernstbrunn-apotheke.at\/katalog\/produkt\/molicare-skin-hautschutzcreme-200-ml\/","title":{"rendered":"MoliCare Skin Hautschutzcreme 200 ml"},"content":{"rendered":"<p>MoliCare Skin Hautschutzcreme 200 ml ohne Zinkoxid bildet einen durchsichtigen Schutzfilm auf der Haut. Die innovative Formel, angereichert mit Kreatin, Bisabolol, essentiellen Fetts\u00e4uren, Aminos\u00e4uren und Mandel\u00f6l. regeneriert und pflegt gereizte Haut.<\/p>\n","protected":false},"excerpt":{"rendered":"<p>MoliCare Skin Hautschutzcreme 200 ml ohne Zinkoxid bildet einen durchsichtigen Schutzfilm auf der Haut. Die innovative Formel, angereichert mit Kreatin, Bisabolol, essentiellen Fetts\u00e4uren, Aminos\u00e4uren und Mandel\u00f6l. regeneriert und pflegt gereizte Haut.<\/p>\n","protected":false},"featured_media":28943,"template":"","meta":{"_acf_changed":false},"product_brand":[784],"product_cat":[800],"product_tag":[],"class_list":{"0":"post-28941","1":"product","2":"type-product","3":"status-publish","4":"has-post-thumbnail","6":"product_brand-molicare","7":"product_cat-m","8":"pa_packungsgroesse-200ml","10":"first","11":"instock","12":"shipping-taxable","13":"purchasable","14":"product-type-simple"},"acf":[],"_links":{"self":[{"href":"https:\/\/www.ernstbrunn-apotheke.at\/katalog\/wp-json\/wp\/v2\/product\/28941","targetHints":{"allow":["GET"]}}],"collection":[{"href":"https:\/\/www.ernstbrunn-apotheke.at\/katalog\/wp-json\/wp\/v2\/product"}],"about":[{"href":"https:\/\/www.ernstbrunn-apotheke.at\/katalog\/wp-json\/wp\/v2\/types\/product"}],"wp:featuredmedia":[{"embeddable":true,"href":"https:\/\/www.ernstbrunn-apotheke.at\/katalog\/wp-json\/wp\/v2\/media\/28943"}],"wp:attachment":[{"href":"https:\/\/www.ernstbrunn-apotheke.at\/katalog\/wp-json\/wp\/v2\/media?parent=28941"}],"wp:term":[{"taxonomy":"product_brand","embeddable":true,"href":"https:\/\/www.ernstbrunn-apotheke.at\/katalog\/wp-json\/wp\/v2\/product_brand?post=28941"},{"taxonomy":"product_cat","embeddable":true,"href":"https:\/\/www.ernstbrunn-apotheke.at\/katalog\/wp-json\/wp\/v2\/product_cat?post=28941"},{"taxonomy":"product_tag","embeddable":true,"href":"https:\/\/www.ernstbrunn-apotheke.at\/katalog\/wp-json\/wp\/v2\/product_tag?post=28941"}],"curies":[{"name":"wp","href":"https:\/\/api.w.org\/{rel}","templated":true}]}}