{"id":28937,"date":"2025-11-08T00:11:33","date_gmt":"2025-11-07T23:11:33","guid":{"rendered":"https:\/\/www.ernstbrunn-apotheke.at\/katalog\/produkt\/weleda-verwoehnende-pflegelotion-wildrose-200-ml\/"},"modified":"2025-12-08T15:04:05","modified_gmt":"2025-12-08T14:04:05","slug":"weleda-verwoehnende-pflegelotion-wildrose-200-ml","status":"publish","type":"product","link":"https:\/\/www.ernstbrunn-apotheke.at\/katalog\/produkt\/weleda-verwoehnende-pflegelotion-wildrose-200-ml\/","title":{"rendered":"Weleda verw\u00f6hnende Pflegelotion Wildrose 200 ml"},"content":{"rendered":"<p>Die seidige Wildrosen Pflegelotion verw\u00f6hnt die Haut mit milden, nat\u00fcrlichen Pflegesubstanzen und regt die hauteigenen Aufbauprozesse an. Kostbare Kernextrakte aus wildwachsender Rosa Mosqueta sind reich an hautpflegenden, mehrfach unges\u00e4ttigten Fetts\u00e4uren und lassen, zusammen mit feuchtigkeitsspendendem Jojoba\u00f6l und Hamameliswasser, die Haut fest und elastisch aussehen.<\/p>\n","protected":false},"excerpt":{"rendered":"<p>Die seidige Wildrosen Pflegelotion verw\u00f6hnt die Haut mit milden, nat\u00fcrlichen Pflegesubstanzen und regt die hauteigenen Aufbauprozesse an. Kostbare Kernextrakte aus wildwachsender Rosa Mosqueta sind reich an hautpflegenden, mehrfach unges\u00e4ttigten Fetts\u00e4uren und lassen, zusammen mit feuchtigkeitsspendendem Jojoba\u00f6l und Hamameliswasser, die Haut fest und elastisch aussehen.<\/p>\n","protected":false},"featured_media":28939,"template":"","meta":{"_acf_changed":false},"product_brand":[567],"product_cat":[796],"product_tag":[],"class_list":{"0":"post-28937","1":"product","2":"type-product","3":"status-publish","4":"has-post-thumbnail","6":"product_brand-weleda","7":"product_cat-w","8":"pa_packungsgroesse-200ml","10":"first","11":"instock","12":"shipping-taxable","13":"purchasable","14":"product-type-simple"},"acf":[],"_links":{"self":[{"href":"https:\/\/www.ernstbrunn-apotheke.at\/katalog\/wp-json\/wp\/v2\/product\/28937","targetHints":{"allow":["GET"]}}],"collection":[{"href":"https:\/\/www.ernstbrunn-apotheke.at\/katalog\/wp-json\/wp\/v2\/product"}],"about":[{"href":"https:\/\/www.ernstbrunn-apotheke.at\/katalog\/wp-json\/wp\/v2\/types\/product"}],"wp:featuredmedia":[{"embeddable":true,"href":"https:\/\/www.ernstbrunn-apotheke.at\/katalog\/wp-json\/wp\/v2\/media\/28939"}],"wp:attachment":[{"href":"https:\/\/www.ernstbrunn-apotheke.at\/katalog\/wp-json\/wp\/v2\/media?parent=28937"}],"wp:term":[{"taxonomy":"product_brand","embeddable":true,"href":"https:\/\/www.ernstbrunn-apotheke.at\/katalog\/wp-json\/wp\/v2\/product_brand?post=28937"},{"taxonomy":"product_cat","embeddable":true,"href":"https:\/\/www.ernstbrunn-apotheke.at\/katalog\/wp-json\/wp\/v2\/product_cat?post=28937"},{"taxonomy":"product_tag","embeddable":true,"href":"https:\/\/www.ernstbrunn-apotheke.at\/katalog\/wp-json\/wp\/v2\/product_tag?post=28937"}],"curies":[{"name":"wp","href":"https:\/\/api.w.org\/{rel}","templated":true}]}}