{"id":28929,"date":"2025-11-08T00:11:10","date_gmt":"2025-11-07T23:11:10","guid":{"rendered":"https:\/\/www.ernstbrunn-apotheke.at\/katalog\/produkt\/vichy-ideal-body-koerperpflegeoel\/"},"modified":"2025-12-08T15:04:01","modified_gmt":"2025-12-08T14:04:01","slug":"vichy-ideal-body-koerperpflegeoel","status":"publish","type":"product","link":"https:\/\/www.ernstbrunn-apotheke.at\/katalog\/produkt\/vichy-ideal-body-koerperpflegeoel\/","title":{"rendered":"Vichy IDEAL BODY K\u00f6rperpflege\u00f6l"},"content":{"rendered":"<p>Vis Terrena Urvitamine Kapseln ist ein hochwertiges Nahrungserg\u00e4nzungsmittel, das einen patentierten, pflanzlichen Kpmplex aus organische gebundenen und biologisch aktiven Vitaminen enth\u00e4lt. Die Kapsseln verringern M\u00fcdigkeit und Erm\u00fcdung und sorgen au\u00dferdemm f\u00fcr eine normale Funktion des Nervensystems.<\/p>\n","protected":false},"excerpt":{"rendered":"<p>Vis Terrena Urvitamine Kapseln ist ein hochwertiges Nahrungserg\u00e4nzungsmittel, das einen patentierten, pflanzlichen Kpmplex aus organische gebundenen und biologisch aktiven Vitaminen enth\u00e4lt. Die Kapsseln verringern M\u00fcdigkeit und Erm\u00fcdung und sorgen au\u00dferdemm f\u00fcr eine normale Funktion des Nervensystems.<\/p>\n","protected":false},"featured_media":0,"template":"","meta":{"_acf_changed":false},"product_brand":[675],"product_cat":[799],"product_tag":[],"class_list":{"0":"post-28929","1":"product","2":"type-product","3":"status-publish","5":"product_brand-vichy","6":"product_cat-v","7":"pa_packungsgroesse-100ml","9":"first","10":"instock","11":"shipping-taxable","12":"purchasable","13":"product-type-simple"},"acf":[],"_links":{"self":[{"href":"https:\/\/www.ernstbrunn-apotheke.at\/katalog\/wp-json\/wp\/v2\/product\/28929","targetHints":{"allow":["GET"]}}],"collection":[{"href":"https:\/\/www.ernstbrunn-apotheke.at\/katalog\/wp-json\/wp\/v2\/product"}],"about":[{"href":"https:\/\/www.ernstbrunn-apotheke.at\/katalog\/wp-json\/wp\/v2\/types\/product"}],"wp:attachment":[{"href":"https:\/\/www.ernstbrunn-apotheke.at\/katalog\/wp-json\/wp\/v2\/media?parent=28929"}],"wp:term":[{"taxonomy":"product_brand","embeddable":true,"href":"https:\/\/www.ernstbrunn-apotheke.at\/katalog\/wp-json\/wp\/v2\/product_brand?post=28929"},{"taxonomy":"product_cat","embeddable":true,"href":"https:\/\/www.ernstbrunn-apotheke.at\/katalog\/wp-json\/wp\/v2\/product_cat?post=28929"},{"taxonomy":"product_tag","embeddable":true,"href":"https:\/\/www.ernstbrunn-apotheke.at\/katalog\/wp-json\/wp\/v2\/product_tag?post=28929"}],"curies":[{"name":"wp","href":"https:\/\/api.w.org\/{rel}","templated":true}]}}