{"id":28926,"date":"2025-11-08T00:11:10","date_gmt":"2025-11-07T23:11:10","guid":{"rendered":"https:\/\/www.ernstbrunn-apotheke.at\/katalog\/produkt\/medipharma-cosmetics-olivenoel-haut-in-balance-dermatologische-akut-salbe-75-ml\/"},"modified":"2025-12-08T15:04:00","modified_gmt":"2025-12-08T14:04:00","slug":"medipharma-cosmetics-olivenoel-haut-in-balance-dermatologische-akut-salbe-75-ml","status":"publish","type":"product","link":"https:\/\/www.ernstbrunn-apotheke.at\/katalog\/produkt\/medipharma-cosmetics-olivenoel-haut-in-balance-dermatologische-akut-salbe-75-ml\/","title":{"rendered":"Medipharma Cosmetics Oliven\u00f6l Haut in Balance Dermatologische Akut-Salbe 75 ml"},"content":{"rendered":"<p>Medipharma Cosmetics Oliven\u00f6l Haut in Balance Dermatologische Akut-Salbe versorgt sehr trockene, gereizte und schuppige Haut intensiv mit hautpflegenden Lipiden und Feuchtigkeit. Die einzigartige Wirkstoffkombination aus Oliven\u00f6l, Urea und Silber ist frei von Farbstoffen, Silikon\u00f6len, Paraffin\u00f6len, Wollwachsen, Parabenen und Parf\u00fcm. F\u00fcr Kleinkinder geeignet.<\/p>\n","protected":false},"excerpt":{"rendered":"<p>Medipharma Cosmetics Oliven\u00f6l Haut in Balance Dermatologische Akut-Salbe versorgt sehr trockene, gereizte und schuppige Haut intensiv mit hautpflegenden Lipiden und Feuchtigkeit. Die einzigartige Wirkstoffkombination aus Oliven\u00f6l, Urea und Silber ist frei von Farbstoffen, Silikon\u00f6len, Paraffin\u00f6len, Wollwachsen, Parabenen und Parf\u00fcm. F\u00fcr Kleinkinder geeignet.<\/p>\n","protected":false},"featured_media":28928,"template":"","meta":{"_acf_changed":false},"product_brand":[685],"product_cat":[800],"product_tag":[],"class_list":{"0":"post-28926","1":"product","2":"type-product","3":"status-publish","4":"has-post-thumbnail","6":"product_brand-olivenoel-theiss","7":"product_cat-m","8":"pa_packungsgroesse-75ml","10":"first","11":"instock","12":"shipping-taxable","13":"purchasable","14":"product-type-simple"},"acf":[],"_links":{"self":[{"href":"https:\/\/www.ernstbrunn-apotheke.at\/katalog\/wp-json\/wp\/v2\/product\/28926","targetHints":{"allow":["GET"]}}],"collection":[{"href":"https:\/\/www.ernstbrunn-apotheke.at\/katalog\/wp-json\/wp\/v2\/product"}],"about":[{"href":"https:\/\/www.ernstbrunn-apotheke.at\/katalog\/wp-json\/wp\/v2\/types\/product"}],"wp:featuredmedia":[{"embeddable":true,"href":"https:\/\/www.ernstbrunn-apotheke.at\/katalog\/wp-json\/wp\/v2\/media\/28928"}],"wp:attachment":[{"href":"https:\/\/www.ernstbrunn-apotheke.at\/katalog\/wp-json\/wp\/v2\/media?parent=28926"}],"wp:term":[{"taxonomy":"product_brand","embeddable":true,"href":"https:\/\/www.ernstbrunn-apotheke.at\/katalog\/wp-json\/wp\/v2\/product_brand?post=28926"},{"taxonomy":"product_cat","embeddable":true,"href":"https:\/\/www.ernstbrunn-apotheke.at\/katalog\/wp-json\/wp\/v2\/product_cat?post=28926"},{"taxonomy":"product_tag","embeddable":true,"href":"https:\/\/www.ernstbrunn-apotheke.at\/katalog\/wp-json\/wp\/v2\/product_tag?post=28926"}],"curies":[{"name":"wp","href":"https:\/\/api.w.org\/{rel}","templated":true}]}}