{"id":28854,"date":"2025-11-08T00:10:01","date_gmt":"2025-11-07T23:10:01","guid":{"rendered":"https:\/\/www.ernstbrunn-apotheke.at\/katalog\/produkt\/weleda-herbal-fresh-deo-spray-200-ml\/"},"modified":"2025-12-08T15:03:36","modified_gmt":"2025-12-08T14:03:36","slug":"weleda-herbal-fresh-deo-spray-200-ml","status":"publish","type":"product","link":"https:\/\/www.ernstbrunn-apotheke.at\/katalog\/produkt\/weleda-herbal-fresh-deo-spray-200-ml\/","title":{"rendered":"Weleda Herbal Fresh Deo Spray 200 ml"},"content":{"rendered":"<p>Weleda Deodorant hemmt mit \u00e4therischen \u00d6len und einem Inhaltsstoff aus S\u00fc\u00dfholzwurzel (Glycyrrhizins\u00e4ure) auf nat\u00fcrliche Weise das Entstehen von K\u00f6rpergeruch, ohne die regulierenden Hautfunktionen zu beeintr\u00e4chtigen und verschlie\u00dft dabei nicht die Hautporen.<\/p>\n","protected":false},"excerpt":{"rendered":"<p>Weleda Deodorant hemmt mit \u00e4therischen \u00d6len und einem Inhaltsstoff aus S\u00fc\u00dfholzwurzel (Glycyrrhizins\u00e4ure) auf nat\u00fcrliche Weise das Entstehen von K\u00f6rpergeruch, ohne die regulierenden Hautfunktionen zu beeintr\u00e4chtigen und verschlie\u00dft dabei nicht die Hautporen.<\/p>\n","protected":false},"featured_media":28856,"template":"","meta":{"_acf_changed":false},"product_brand":[567],"product_cat":[796],"product_tag":[],"class_list":{"0":"post-28854","1":"product","2":"type-product","3":"status-publish","4":"has-post-thumbnail","6":"product_brand-weleda","7":"product_cat-w","8":"pa_packungsgroesse-200ml","10":"first","11":"instock","12":"shipping-taxable","13":"purchasable","14":"product-type-simple"},"acf":[],"_links":{"self":[{"href":"https:\/\/www.ernstbrunn-apotheke.at\/katalog\/wp-json\/wp\/v2\/product\/28854","targetHints":{"allow":["GET"]}}],"collection":[{"href":"https:\/\/www.ernstbrunn-apotheke.at\/katalog\/wp-json\/wp\/v2\/product"}],"about":[{"href":"https:\/\/www.ernstbrunn-apotheke.at\/katalog\/wp-json\/wp\/v2\/types\/product"}],"wp:featuredmedia":[{"embeddable":true,"href":"https:\/\/www.ernstbrunn-apotheke.at\/katalog\/wp-json\/wp\/v2\/media\/28856"}],"wp:attachment":[{"href":"https:\/\/www.ernstbrunn-apotheke.at\/katalog\/wp-json\/wp\/v2\/media?parent=28854"}],"wp:term":[{"taxonomy":"product_brand","embeddable":true,"href":"https:\/\/www.ernstbrunn-apotheke.at\/katalog\/wp-json\/wp\/v2\/product_brand?post=28854"},{"taxonomy":"product_cat","embeddable":true,"href":"https:\/\/www.ernstbrunn-apotheke.at\/katalog\/wp-json\/wp\/v2\/product_cat?post=28854"},{"taxonomy":"product_tag","embeddable":true,"href":"https:\/\/www.ernstbrunn-apotheke.at\/katalog\/wp-json\/wp\/v2\/product_tag?post=28854"}],"curies":[{"name":"wp","href":"https:\/\/api.w.org\/{rel}","templated":true}]}}