{"id":28816,"date":"2025-11-08T00:09:37","date_gmt":"2025-11-07T23:09:37","guid":{"rendered":"https:\/\/www.ernstbrunn-apotheke.at\/katalog\/produkt\/cosvida-oliven-butter-koerper-creme-500-ml\/"},"modified":"2025-12-08T15:03:25","modified_gmt":"2025-12-08T14:03:25","slug":"cosvida-oliven-butter-koerper-creme-500-ml","status":"publish","type":"product","link":"https:\/\/www.ernstbrunn-apotheke.at\/katalog\/produkt\/cosvida-oliven-butter-koerper-creme-500-ml\/","title":{"rendered":"Cosvida Oliven Butter K\u00f6rper Creme 500 ml"},"content":{"rendered":"<p>Cosvida\u00ae Olivenbutter wurde durch ein spezielles Verfahren aus kostbarem Oliven\u00f6l gewonnen und enth\u00e4lt viele Antioxidantien. Diese sch\u00fctzen die Haut auf nat\u00fcrliche Weise vor freien Radikalen und beugen gleichzeitig vorzeitiger Hautalterung vor. Bereits beim Auftragen sp\u00fcren Sie, wie die Feuchtigkeit schnell von der Haut aufgenommen wird. Die cosvida\u00ae Oliven Butter K\u00f6rper-Creme wurde speziell f\u00fcr trockene und empfindliche Haut entwickelt. Kostbare \u00d6le, Vitamin E und Shea-Butter sch\u00fctzen die Haut vor dem Austrocknen und unterst\u00fctzen die Regeneration. Cosvida\u00ae Olivenbutter f\u00fcr unwiderstehlich samtweiche Haut..<\/p>\n","protected":false},"excerpt":{"rendered":"<p>Cosvida\u00ae Olivenbutter wurde durch ein spezielles Verfahren aus kostbarem Oliven\u00f6l gewonnen und enth\u00e4lt viele Antioxidantien. Diese sch\u00fctzen die Haut auf nat\u00fcrliche Weise vor freien Radikalen und beugen gleichzeitig vorzeitiger Hautalterung vor. Bereits beim Auftragen sp\u00fcren Sie, wie die Feuchtigkeit schnell von der Haut aufgenommen wird. Die cosvida\u00ae Oliven Butter K\u00f6rper-Creme wurde speziell f\u00fcr trockene und [&hellip;]<\/p>\n","protected":false},"featured_media":0,"template":"","meta":{"_acf_changed":false},"product_brand":[],"product_cat":[812],"product_tag":[],"class_list":{"0":"post-28816","1":"product","2":"type-product","3":"status-publish","5":"product_cat-c","6":"pa_packungsgroesse-500ml","8":"first","9":"instock","10":"shipping-taxable","11":"purchasable","12":"product-type-simple"},"acf":[],"_links":{"self":[{"href":"https:\/\/www.ernstbrunn-apotheke.at\/katalog\/wp-json\/wp\/v2\/product\/28816","targetHints":{"allow":["GET"]}}],"collection":[{"href":"https:\/\/www.ernstbrunn-apotheke.at\/katalog\/wp-json\/wp\/v2\/product"}],"about":[{"href":"https:\/\/www.ernstbrunn-apotheke.at\/katalog\/wp-json\/wp\/v2\/types\/product"}],"wp:attachment":[{"href":"https:\/\/www.ernstbrunn-apotheke.at\/katalog\/wp-json\/wp\/v2\/media?parent=28816"}],"wp:term":[{"taxonomy":"product_brand","embeddable":true,"href":"https:\/\/www.ernstbrunn-apotheke.at\/katalog\/wp-json\/wp\/v2\/product_brand?post=28816"},{"taxonomy":"product_cat","embeddable":true,"href":"https:\/\/www.ernstbrunn-apotheke.at\/katalog\/wp-json\/wp\/v2\/product_cat?post=28816"},{"taxonomy":"product_tag","embeddable":true,"href":"https:\/\/www.ernstbrunn-apotheke.at\/katalog\/wp-json\/wp\/v2\/product_tag?post=28816"}],"curies":[{"name":"wp","href":"https:\/\/api.w.org\/{rel}","templated":true}]}}