{"id":28784,"date":"2025-11-08T00:08:58","date_gmt":"2025-11-07T23:08:58","guid":{"rendered":"https:\/\/www.ernstbrunn-apotheke.at\/katalog\/produkt\/medipharma-cosmetics-olivenoel-mandelmilch-koerperlotion-200-ml\/"},"modified":"2025-12-08T15:03:13","modified_gmt":"2025-12-08T14:03:13","slug":"medipharma-cosmetics-olivenoel-mandelmilch-koerperlotion-200-ml","status":"publish","type":"product","link":"https:\/\/www.ernstbrunn-apotheke.at\/katalog\/produkt\/medipharma-cosmetics-olivenoel-mandelmilch-koerperlotion-200-ml\/","title":{"rendered":"Medipharma Cosmetics Oliven\u00f6l &#038; Mandelmilch K\u00f6rperlotion 200 ml"},"content":{"rendered":"<p>Medipharma Cosmetics Oliven\u00f6l &#038; Mandelmilch K\u00f6rperlotion ist eine reichhaltige Pflege aus kaltgepresstem Oliven\u00f6l aus der Toskana, hautpflegendem Mandel\u00f6l, Milchproteinen und Panthenol. Die Lotion eignet sich ideal zur t\u00e4glichen K\u00f6rperpflege speziell bei sehr trockener, sensibler Haut.<\/p>\n","protected":false},"excerpt":{"rendered":"<p>Medipharma Cosmetics Oliven\u00f6l &#038; Mandelmilch K\u00f6rperlotion ist eine reichhaltige Pflege aus kaltgepresstem Oliven\u00f6l aus der Toskana, hautpflegendem Mandel\u00f6l, Milchproteinen und Panthenol. Die Lotion eignet sich ideal zur t\u00e4glichen K\u00f6rperpflege speziell bei sehr trockener, sensibler Haut.<\/p>\n","protected":false},"featured_media":28786,"template":"","meta":{"_acf_changed":false},"product_brand":[685],"product_cat":[800],"product_tag":[],"class_list":{"0":"post-28784","1":"product","2":"type-product","3":"status-publish","4":"has-post-thumbnail","6":"product_brand-olivenoel-theiss","7":"product_cat-m","8":"pa_packungsgroesse-200ml","10":"first","11":"instock","12":"shipping-taxable","13":"purchasable","14":"product-type-simple"},"acf":[],"_links":{"self":[{"href":"https:\/\/www.ernstbrunn-apotheke.at\/katalog\/wp-json\/wp\/v2\/product\/28784","targetHints":{"allow":["GET"]}}],"collection":[{"href":"https:\/\/www.ernstbrunn-apotheke.at\/katalog\/wp-json\/wp\/v2\/product"}],"about":[{"href":"https:\/\/www.ernstbrunn-apotheke.at\/katalog\/wp-json\/wp\/v2\/types\/product"}],"wp:featuredmedia":[{"embeddable":true,"href":"https:\/\/www.ernstbrunn-apotheke.at\/katalog\/wp-json\/wp\/v2\/media\/28786"}],"wp:attachment":[{"href":"https:\/\/www.ernstbrunn-apotheke.at\/katalog\/wp-json\/wp\/v2\/media?parent=28784"}],"wp:term":[{"taxonomy":"product_brand","embeddable":true,"href":"https:\/\/www.ernstbrunn-apotheke.at\/katalog\/wp-json\/wp\/v2\/product_brand?post=28784"},{"taxonomy":"product_cat","embeddable":true,"href":"https:\/\/www.ernstbrunn-apotheke.at\/katalog\/wp-json\/wp\/v2\/product_cat?post=28784"},{"taxonomy":"product_tag","embeddable":true,"href":"https:\/\/www.ernstbrunn-apotheke.at\/katalog\/wp-json\/wp\/v2\/product_tag?post=28784"}],"curies":[{"name":"wp","href":"https:\/\/api.w.org\/{rel}","templated":true}]}}