{"id":28777,"date":"2025-11-08T00:08:58","date_gmt":"2025-11-07T23:08:58","guid":{"rendered":"https:\/\/www.ernstbrunn-apotheke.at\/katalog\/produkt\/aetheria-gesundbad-125-ml-1-stk\/"},"modified":"2025-12-08T15:03:11","modified_gmt":"2025-12-08T14:03:11","slug":"aetheria-gesundbad-125-ml-1-stk","status":"publish","type":"product","link":"https:\/\/www.ernstbrunn-apotheke.at\/katalog\/produkt\/aetheria-gesundbad-125-ml-1-stk\/","title":{"rendered":"\u00c4theria Gesundbad 125 ml 1 Stk."},"content":{"rendered":"<p>\u00c4theria Gesundbad 125 ml vereint 5 naturreine \u00e4therische \u00d6le von h\u00f6chster Qualit\u00e4t. Die Kombination dieser \u00e4therischen \u00d6le wurde so gew\u00e4hlt, dass sich die einzelnen Wirkweisen gegenseitig unterst\u00fctzen. Neben der Verbesserung des Wohlbefindens bei Erk\u00e4ltungssymptomen dient diese einzigartige Kombination von naturreinen \u00e4therischen \u00d6len in Arzneibuchqualit\u00e4t auch zur Entspannung nach kalten, stressigen Tagen.<\/p>\n","protected":false},"excerpt":{"rendered":"<p>\u00c4theria Gesundbad 125 ml vereint 5 naturreine \u00e4therische \u00d6le von h\u00f6chster Qualit\u00e4t. Die Kombination dieser \u00e4therischen \u00d6le wurde so gew\u00e4hlt, dass sich die einzelnen Wirkweisen gegenseitig unterst\u00fctzen. Neben der Verbesserung des Wohlbefindens bei Erk\u00e4ltungssymptomen dient diese einzigartige Kombination von naturreinen \u00e4therischen \u00d6len in Arzneibuchqualit\u00e4t auch zur Entspannung nach kalten, stressigen Tagen.<\/p>\n","protected":false},"featured_media":28779,"template":"","meta":{"_acf_changed":false},"product_brand":[],"product_cat":[801],"product_tag":[],"class_list":{"0":"post-28777","1":"product","2":"type-product","3":"status-publish","4":"has-post-thumbnail","6":"product_cat-a","7":"pa_packungsgroesse-125ml","9":"first","10":"instock","11":"shipping-taxable","12":"purchasable","13":"product-type-simple"},"acf":[],"_links":{"self":[{"href":"https:\/\/www.ernstbrunn-apotheke.at\/katalog\/wp-json\/wp\/v2\/product\/28777","targetHints":{"allow":["GET"]}}],"collection":[{"href":"https:\/\/www.ernstbrunn-apotheke.at\/katalog\/wp-json\/wp\/v2\/product"}],"about":[{"href":"https:\/\/www.ernstbrunn-apotheke.at\/katalog\/wp-json\/wp\/v2\/types\/product"}],"wp:featuredmedia":[{"embeddable":true,"href":"https:\/\/www.ernstbrunn-apotheke.at\/katalog\/wp-json\/wp\/v2\/media\/28779"}],"wp:attachment":[{"href":"https:\/\/www.ernstbrunn-apotheke.at\/katalog\/wp-json\/wp\/v2\/media?parent=28777"}],"wp:term":[{"taxonomy":"product_brand","embeddable":true,"href":"https:\/\/www.ernstbrunn-apotheke.at\/katalog\/wp-json\/wp\/v2\/product_brand?post=28777"},{"taxonomy":"product_cat","embeddable":true,"href":"https:\/\/www.ernstbrunn-apotheke.at\/katalog\/wp-json\/wp\/v2\/product_cat?post=28777"},{"taxonomy":"product_tag","embeddable":true,"href":"https:\/\/www.ernstbrunn-apotheke.at\/katalog\/wp-json\/wp\/v2\/product_tag?post=28777"}],"curies":[{"name":"wp","href":"https:\/\/api.w.org\/{rel}","templated":true}]}}