{"id":28742,"date":"2025-11-08T00:08:15","date_gmt":"2025-11-07T23:08:15","guid":{"rendered":"https:\/\/www.ernstbrunn-apotheke.at\/katalog\/produkt\/medipharma-cosmetics-olivenoel-haut-in-balance-dermatologische-koerpercreme-200-ml\/"},"modified":"2025-12-08T15:03:00","modified_gmt":"2025-12-08T14:03:00","slug":"medipharma-cosmetics-olivenoel-haut-in-balance-dermatologische-koerpercreme-200-ml","status":"publish","type":"product","link":"https:\/\/www.ernstbrunn-apotheke.at\/katalog\/produkt\/medipharma-cosmetics-olivenoel-haut-in-balance-dermatologische-koerpercreme-200-ml\/","title":{"rendered":"Medipharma Cosmetics Oliven\u00f6l Haut in Balance Dermatologische K\u00f6rpercreme 200 ml"},"content":{"rendered":"<p>Medipharma Cosmetics Oliven\u00f6l Haut in Balance Dermatologische K\u00f6rpercreme ist frei von Farbstoffen, Silikon\u00f6len, Paraffin\u00f6len, Wollwachsen und Parabenen. Die einzigartige Wirkstoffkombination aus Oliven\u00f6l und Urea versorgt trockene, schuppige Haut intensiv mit Feuchtigkeit. Die Creme pflegt nachhaltig und entspannt zudem die gereizte Haut.<\/p>\n","protected":false},"excerpt":{"rendered":"<p>Medipharma Cosmetics Oliven\u00f6l Haut in Balance Dermatologische K\u00f6rpercreme ist frei von Farbstoffen, Silikon\u00f6len, Paraffin\u00f6len, Wollwachsen und Parabenen. Die einzigartige Wirkstoffkombination aus Oliven\u00f6l und Urea versorgt trockene, schuppige Haut intensiv mit Feuchtigkeit. Die Creme pflegt nachhaltig und entspannt zudem die gereizte Haut.<\/p>\n","protected":false},"featured_media":28744,"template":"","meta":{"_acf_changed":false},"product_brand":[685],"product_cat":[800],"product_tag":[],"class_list":{"0":"post-28742","1":"product","2":"type-product","3":"status-publish","4":"has-post-thumbnail","6":"product_brand-olivenoel-theiss","7":"product_cat-m","8":"pa_packungsgroesse-200ml","10":"first","11":"instock","12":"shipping-taxable","13":"purchasable","14":"product-type-simple"},"acf":[],"_links":{"self":[{"href":"https:\/\/www.ernstbrunn-apotheke.at\/katalog\/wp-json\/wp\/v2\/product\/28742","targetHints":{"allow":["GET"]}}],"collection":[{"href":"https:\/\/www.ernstbrunn-apotheke.at\/katalog\/wp-json\/wp\/v2\/product"}],"about":[{"href":"https:\/\/www.ernstbrunn-apotheke.at\/katalog\/wp-json\/wp\/v2\/types\/product"}],"wp:featuredmedia":[{"embeddable":true,"href":"https:\/\/www.ernstbrunn-apotheke.at\/katalog\/wp-json\/wp\/v2\/media\/28744"}],"wp:attachment":[{"href":"https:\/\/www.ernstbrunn-apotheke.at\/katalog\/wp-json\/wp\/v2\/media?parent=28742"}],"wp:term":[{"taxonomy":"product_brand","embeddable":true,"href":"https:\/\/www.ernstbrunn-apotheke.at\/katalog\/wp-json\/wp\/v2\/product_brand?post=28742"},{"taxonomy":"product_cat","embeddable":true,"href":"https:\/\/www.ernstbrunn-apotheke.at\/katalog\/wp-json\/wp\/v2\/product_cat?post=28742"},{"taxonomy":"product_tag","embeddable":true,"href":"https:\/\/www.ernstbrunn-apotheke.at\/katalog\/wp-json\/wp\/v2\/product_tag?post=28742"}],"curies":[{"name":"wp","href":"https:\/\/api.w.org\/{rel}","templated":true}]}}