{"id":28736,"date":"2025-11-08T00:08:15","date_gmt":"2025-11-07T23:08:15","guid":{"rendered":"https:\/\/www.ernstbrunn-apotheke.at\/katalog\/produkt\/dermasel-exklusiv-totes-meer-koerperpeeling-38-ml-perle\/"},"modified":"2025-12-08T15:02:58","modified_gmt":"2025-12-08T14:02:58","slug":"dermasel-exklusiv-totes-meer-koerperpeeling-38-ml-perle","status":"publish","type":"product","link":"https:\/\/www.ernstbrunn-apotheke.at\/katalog\/produkt\/dermasel-exklusiv-totes-meer-koerperpeeling-38-ml-perle\/","title":{"rendered":"Dermasel Exklusiv Totes Meer K\u00f6rperpeeling 38 ml Perle"},"content":{"rendered":"<p>Dermasel Exklusiv Totes Meer K\u00f6rperpeeling verw\u00f6hnt mit der Kombination aus luxuri\u00f6sen Inhaltsstoffen, modernsten Wirkkomponenten und dem exklusiven Toten Meer Mineralkonzentrat. Diese Kombination schafft die perfekte Synergie aus regenerierender Pflege und Lifestyle. F\u00fcr eine atemberaubend sch\u00f6ne Haut.<\/p>\n","protected":false},"excerpt":{"rendered":"<p>Dermasel Exklusiv Totes Meer K\u00f6rperpeeling verw\u00f6hnt mit der Kombination aus luxuri\u00f6sen Inhaltsstoffen, modernsten Wirkkomponenten und dem exklusiven Toten Meer Mineralkonzentrat. Diese Kombination schafft die perfekte Synergie aus regenerierender Pflege und Lifestyle. F\u00fcr eine atemberaubend sch\u00f6ne Haut.<\/p>\n","protected":false},"featured_media":28738,"template":"","meta":{"_acf_changed":false},"product_brand":[684],"product_cat":[792],"product_tag":[],"class_list":{"0":"post-28736","1":"product","2":"type-product","3":"status-publish","4":"has-post-thumbnail","6":"product_brand-dermasel","7":"product_cat-d","8":"pa_packungsgroesse-38ml","10":"first","11":"instock","12":"shipping-taxable","13":"purchasable","14":"product-type-simple"},"acf":[],"_links":{"self":[{"href":"https:\/\/www.ernstbrunn-apotheke.at\/katalog\/wp-json\/wp\/v2\/product\/28736","targetHints":{"allow":["GET"]}}],"collection":[{"href":"https:\/\/www.ernstbrunn-apotheke.at\/katalog\/wp-json\/wp\/v2\/product"}],"about":[{"href":"https:\/\/www.ernstbrunn-apotheke.at\/katalog\/wp-json\/wp\/v2\/types\/product"}],"wp:featuredmedia":[{"embeddable":true,"href":"https:\/\/www.ernstbrunn-apotheke.at\/katalog\/wp-json\/wp\/v2\/media\/28738"}],"wp:attachment":[{"href":"https:\/\/www.ernstbrunn-apotheke.at\/katalog\/wp-json\/wp\/v2\/media?parent=28736"}],"wp:term":[{"taxonomy":"product_brand","embeddable":true,"href":"https:\/\/www.ernstbrunn-apotheke.at\/katalog\/wp-json\/wp\/v2\/product_brand?post=28736"},{"taxonomy":"product_cat","embeddable":true,"href":"https:\/\/www.ernstbrunn-apotheke.at\/katalog\/wp-json\/wp\/v2\/product_cat?post=28736"},{"taxonomy":"product_tag","embeddable":true,"href":"https:\/\/www.ernstbrunn-apotheke.at\/katalog\/wp-json\/wp\/v2\/product_tag?post=28736"}],"curies":[{"name":"wp","href":"https:\/\/api.w.org\/{rel}","templated":true}]}}