{"id":28680,"date":"2025-11-08T00:07:17","date_gmt":"2025-11-07T23:07:17","guid":{"rendered":"https:\/\/www.ernstbrunn-apotheke.at\/katalog\/produkt\/eubos-diabetes-koerperbalsam-150-ml\/"},"modified":"2025-12-08T15:02:40","modified_gmt":"2025-12-08T14:02:40","slug":"eubos-diabetes-koerperbalsam-150-ml","status":"publish","type":"product","link":"https:\/\/www.ernstbrunn-apotheke.at\/katalog\/produkt\/eubos-diabetes-koerperbalsam-150-ml\/","title":{"rendered":"Eubos Diabetes K\u00f6rperbalsam 150 ml"},"content":{"rendered":"<p>Eubos Diabetische Haut Pflege K\u00f6rperbalsam wirkt mit speziell auf die diabetische Haut abgestimmten Wirkstoffen und spendet tiefenwirksam und langanhaltend Feuchtigkeit. F\u00fcr die t\u00e4gliche K\u00f6rperpflege bei trockener, sehr trockener, spannender und gereizter Haut.<\/p>\n","protected":false},"excerpt":{"rendered":"<p>Eubos Diabetische Haut Pflege K\u00f6rperbalsam wirkt mit speziell auf die diabetische Haut abgestimmten Wirkstoffen und spendet tiefenwirksam und langanhaltend Feuchtigkeit. F\u00fcr die t\u00e4gliche K\u00f6rperpflege bei trockener, sehr trockener, spannender und gereizter Haut.<\/p>\n","protected":false},"featured_media":28682,"template":"","meta":{"_acf_changed":false},"product_brand":[694],"product_cat":[794],"product_tag":[],"class_list":{"0":"post-28680","1":"product","2":"type-product","3":"status-publish","4":"has-post-thumbnail","6":"product_brand-eubos","7":"product_cat-e","8":"pa_packungsgroesse-150ml","10":"first","11":"instock","12":"shipping-taxable","13":"purchasable","14":"product-type-simple"},"acf":[],"_links":{"self":[{"href":"https:\/\/www.ernstbrunn-apotheke.at\/katalog\/wp-json\/wp\/v2\/product\/28680","targetHints":{"allow":["GET"]}}],"collection":[{"href":"https:\/\/www.ernstbrunn-apotheke.at\/katalog\/wp-json\/wp\/v2\/product"}],"about":[{"href":"https:\/\/www.ernstbrunn-apotheke.at\/katalog\/wp-json\/wp\/v2\/types\/product"}],"wp:featuredmedia":[{"embeddable":true,"href":"https:\/\/www.ernstbrunn-apotheke.at\/katalog\/wp-json\/wp\/v2\/media\/28682"}],"wp:attachment":[{"href":"https:\/\/www.ernstbrunn-apotheke.at\/katalog\/wp-json\/wp\/v2\/media?parent=28680"}],"wp:term":[{"taxonomy":"product_brand","embeddable":true,"href":"https:\/\/www.ernstbrunn-apotheke.at\/katalog\/wp-json\/wp\/v2\/product_brand?post=28680"},{"taxonomy":"product_cat","embeddable":true,"href":"https:\/\/www.ernstbrunn-apotheke.at\/katalog\/wp-json\/wp\/v2\/product_cat?post=28680"},{"taxonomy":"product_tag","embeddable":true,"href":"https:\/\/www.ernstbrunn-apotheke.at\/katalog\/wp-json\/wp\/v2\/product_tag?post=28680"}],"curies":[{"name":"wp","href":"https:\/\/api.w.org\/{rel}","templated":true}]}}