{"id":28667,"date":"2025-11-08T00:07:17","date_gmt":"2025-11-07T23:07:17","guid":{"rendered":"https:\/\/www.ernstbrunn-apotheke.at\/katalog\/produkt\/medipharma-cosmetics-nachtkerzen-hautbalsam-100-ml\/"},"modified":"2025-12-08T15:02:38","modified_gmt":"2025-12-08T14:02:38","slug":"medipharma-cosmetics-nachtkerzen-hautbalsam-100-ml","status":"publish","type":"product","link":"https:\/\/www.ernstbrunn-apotheke.at\/katalog\/produkt\/medipharma-cosmetics-nachtkerzen-hautbalsam-100-ml\/","title":{"rendered":"Medipharma Cosmetics Nachtkerzen Hautbalsam 100 ml"},"content":{"rendered":"<p>Dr. Theiss Nachtkerzen HautbalsamBasispflege f\u00fcr trockene Haut mit 1,5% Linols\u00e4ure und 3% UreaDr. Theiss Nachtkerzen Hautbalsam ist eine angenehm leichte \u00d6l-in-Wasser-Emulsion, angereichert mit pflegendem Urea, Squalan, Jojoba\u00f6l und Guaiazulen. Er wurde speziell entwickelt, um die empfindliche, trockene Haut t\u00e4glich mit Fett und Feuchtigkeit zu versorgen, ohne einen st\u00f6renden Fettfilm zu hinterlassen.Die von Neurodermitis betroffene Haut ist wesentlich empfindlicher als die normale Haut. Sie hat einen zu geringen Fett und Feuchtigkeitshaushalt und ist daher anf\u00e4lliger gegen von au\u00dfen wirkende sch\u00e4dliche Einflu\u00dffaktoren.Dr. Theiss Nachtkerzen &#8211; Hautbalsam ist daher zur therapiebegleitenden Hautpflege bei Neurodermitis und f\u00fcr die empfindliche Haut von Babies und Kleinkindern ideal geeignet.Frei von Parfum, Farbstoffen, Paraffin\u00f6l und Silikon\u00f6l..<\/p>\n","protected":false},"excerpt":{"rendered":"<p>Dr. Theiss Nachtkerzen HautbalsamBasispflege f\u00fcr trockene Haut mit 1,5% Linols\u00e4ure und 3% UreaDr. Theiss Nachtkerzen Hautbalsam ist eine angenehm leichte \u00d6l-in-Wasser-Emulsion, angereichert mit pflegendem Urea, Squalan, Jojoba\u00f6l und Guaiazulen. Er wurde speziell entwickelt, um die empfindliche, trockene Haut t\u00e4glich mit Fett und Feuchtigkeit zu versorgen, ohne einen st\u00f6renden Fettfilm zu hinterlassen.Die von Neurodermitis betroffene Haut [&hellip;]<\/p>\n","protected":false},"featured_media":28669,"template":"","meta":{"_acf_changed":false},"product_brand":[715],"product_cat":[800],"product_tag":[],"class_list":{"0":"post-28667","1":"product","2":"type-product","3":"status-publish","4":"has-post-thumbnail","6":"product_brand-theiss","7":"product_cat-m","8":"pa_packungsgroesse-100ml","10":"first","11":"instock","12":"shipping-taxable","13":"purchasable","14":"product-type-simple"},"acf":[],"_links":{"self":[{"href":"https:\/\/www.ernstbrunn-apotheke.at\/katalog\/wp-json\/wp\/v2\/product\/28667","targetHints":{"allow":["GET"]}}],"collection":[{"href":"https:\/\/www.ernstbrunn-apotheke.at\/katalog\/wp-json\/wp\/v2\/product"}],"about":[{"href":"https:\/\/www.ernstbrunn-apotheke.at\/katalog\/wp-json\/wp\/v2\/types\/product"}],"wp:featuredmedia":[{"embeddable":true,"href":"https:\/\/www.ernstbrunn-apotheke.at\/katalog\/wp-json\/wp\/v2\/media\/28669"}],"wp:attachment":[{"href":"https:\/\/www.ernstbrunn-apotheke.at\/katalog\/wp-json\/wp\/v2\/media?parent=28667"}],"wp:term":[{"taxonomy":"product_brand","embeddable":true,"href":"https:\/\/www.ernstbrunn-apotheke.at\/katalog\/wp-json\/wp\/v2\/product_brand?post=28667"},{"taxonomy":"product_cat","embeddable":true,"href":"https:\/\/www.ernstbrunn-apotheke.at\/katalog\/wp-json\/wp\/v2\/product_cat?post=28667"},{"taxonomy":"product_tag","embeddable":true,"href":"https:\/\/www.ernstbrunn-apotheke.at\/katalog\/wp-json\/wp\/v2\/product_tag?post=28667"}],"curies":[{"name":"wp","href":"https:\/\/api.w.org\/{rel}","templated":true}]}}