{"id":28664,"date":"2025-11-08T00:06:55","date_gmt":"2025-11-07T23:06:55","guid":{"rendered":"https:\/\/www.ernstbrunn-apotheke.at\/katalog\/produkt\/tena-barrierecreme-150-ml\/"},"modified":"2025-12-08T15:02:36","modified_gmt":"2025-12-08T14:02:36","slug":"tena-barrierecreme-150-ml","status":"publish","type":"product","link":"https:\/\/www.ernstbrunn-apotheke.at\/katalog\/produkt\/tena-barrierecreme-150-ml\/","title":{"rendered":"Tena Barrierecreme 150 ml"},"content":{"rendered":"<p>Tena Barrierecreme &#8211; Diese sanfte, transparente Formel bietet eine starke, wasserabweisende Barriere gegen Reizstoffe. Ideal f\u00fcr Betroffene mit gef\u00e4hrdeter, empfindlicher Haut, die zus\u00e4tzlichen Schutz braucht.<\/p>\n","protected":false},"excerpt":{"rendered":"<p>Tena Barrierecreme &#8211; Diese sanfte, transparente Formel bietet eine starke, wasserabweisende Barriere gegen Reizstoffe. Ideal f\u00fcr Betroffene mit gef\u00e4hrdeter, empfindlicher Haut, die zus\u00e4tzlichen Schutz braucht.<\/p>\n","protected":false},"featured_media":28666,"template":"","meta":{"_acf_changed":false},"product_brand":[],"product_cat":[798],"product_tag":[],"class_list":{"0":"post-28664","1":"product","2":"type-product","3":"status-publish","4":"has-post-thumbnail","6":"product_cat-t","7":"pa_packungsgroesse-150ml","9":"first","10":"instock","11":"shipping-taxable","12":"purchasable","13":"product-type-simple"},"acf":[],"_links":{"self":[{"href":"https:\/\/www.ernstbrunn-apotheke.at\/katalog\/wp-json\/wp\/v2\/product\/28664","targetHints":{"allow":["GET"]}}],"collection":[{"href":"https:\/\/www.ernstbrunn-apotheke.at\/katalog\/wp-json\/wp\/v2\/product"}],"about":[{"href":"https:\/\/www.ernstbrunn-apotheke.at\/katalog\/wp-json\/wp\/v2\/types\/product"}],"wp:featuredmedia":[{"embeddable":true,"href":"https:\/\/www.ernstbrunn-apotheke.at\/katalog\/wp-json\/wp\/v2\/media\/28666"}],"wp:attachment":[{"href":"https:\/\/www.ernstbrunn-apotheke.at\/katalog\/wp-json\/wp\/v2\/media?parent=28664"}],"wp:term":[{"taxonomy":"product_brand","embeddable":true,"href":"https:\/\/www.ernstbrunn-apotheke.at\/katalog\/wp-json\/wp\/v2\/product_brand?post=28664"},{"taxonomy":"product_cat","embeddable":true,"href":"https:\/\/www.ernstbrunn-apotheke.at\/katalog\/wp-json\/wp\/v2\/product_cat?post=28664"},{"taxonomy":"product_tag","embeddable":true,"href":"https:\/\/www.ernstbrunn-apotheke.at\/katalog\/wp-json\/wp\/v2\/product_tag?post=28664"}],"curies":[{"name":"wp","href":"https:\/\/api.w.org\/{rel}","templated":true}]}}