{"id":28661,"date":"2025-11-08T00:06:55","date_gmt":"2025-11-07T23:06:55","guid":{"rendered":"https:\/\/www.ernstbrunn-apotheke.at\/katalog\/produkt\/plantawell-koerpercreme-500-ml-aloe-vera\/"},"modified":"2025-12-08T15:02:32","modified_gmt":"2025-12-08T14:02:32","slug":"plantawell-koerpercreme-500-ml-aloe-vera","status":"publish","type":"product","link":"https:\/\/www.ernstbrunn-apotheke.at\/katalog\/produkt\/plantawell-koerpercreme-500-ml-aloe-vera\/","title":{"rendered":"Plantawell K\u00f6rpercreme 500 ml Aloe Vera"},"content":{"rendered":"<p>Plantawell K\u00f6rpercreme versorgt die Haut mit wichtigen N\u00e4hrstoffen, um sie lange gesund zu halten. Die Creme wird unter hohen Qualit\u00e4tsstandards hergestellt<\/p>\n","protected":false},"excerpt":{"rendered":"<p>Plantawell K\u00f6rpercreme versorgt die Haut mit wichtigen N\u00e4hrstoffen, um sie lange gesund zu halten. Die Creme wird unter hohen Qualit\u00e4tsstandards hergestellt<\/p>\n","protected":false},"featured_media":28663,"template":"","meta":{"_acf_changed":false},"product_brand":[],"product_cat":[793],"product_tag":[],"class_list":{"0":"post-28661","1":"product","2":"type-product","3":"status-publish","4":"has-post-thumbnail","6":"product_cat-p","7":"pa_packungsgroesse-500ml","9":"first","10":"instock","11":"shipping-taxable","12":"purchasable","13":"product-type-simple"},"acf":[],"_links":{"self":[{"href":"https:\/\/www.ernstbrunn-apotheke.at\/katalog\/wp-json\/wp\/v2\/product\/28661","targetHints":{"allow":["GET"]}}],"collection":[{"href":"https:\/\/www.ernstbrunn-apotheke.at\/katalog\/wp-json\/wp\/v2\/product"}],"about":[{"href":"https:\/\/www.ernstbrunn-apotheke.at\/katalog\/wp-json\/wp\/v2\/types\/product"}],"wp:featuredmedia":[{"embeddable":true,"href":"https:\/\/www.ernstbrunn-apotheke.at\/katalog\/wp-json\/wp\/v2\/media\/28663"}],"wp:attachment":[{"href":"https:\/\/www.ernstbrunn-apotheke.at\/katalog\/wp-json\/wp\/v2\/media?parent=28661"}],"wp:term":[{"taxonomy":"product_brand","embeddable":true,"href":"https:\/\/www.ernstbrunn-apotheke.at\/katalog\/wp-json\/wp\/v2\/product_brand?post=28661"},{"taxonomy":"product_cat","embeddable":true,"href":"https:\/\/www.ernstbrunn-apotheke.at\/katalog\/wp-json\/wp\/v2\/product_cat?post=28661"},{"taxonomy":"product_tag","embeddable":true,"href":"https:\/\/www.ernstbrunn-apotheke.at\/katalog\/wp-json\/wp\/v2\/product_tag?post=28661"}],"curies":[{"name":"wp","href":"https:\/\/api.w.org\/{rel}","templated":true}]}}