{"id":28648,"date":"2025-11-08T00:06:55","date_gmt":"2025-11-07T23:06:55","guid":{"rendered":"https:\/\/www.ernstbrunn-apotheke.at\/katalog\/produkt\/weleda-edeltannen-erholungsbad-200-ml\/"},"modified":"2025-12-08T15:02:29","modified_gmt":"2025-12-08T14:02:29","slug":"weleda-edeltannen-erholungsbad-200-ml","status":"publish","type":"product","link":"https:\/\/www.ernstbrunn-apotheke.at\/katalog\/produkt\/weleda-edeltannen-erholungsbad-200-ml\/","title":{"rendered":"Weleda Edeltannen Erholungsbad 200 ml"},"content":{"rendered":"<p>Das Edeltannen Erholungsbad ist, wie alle Bade-Essenzen von Weleda, ganz sanft zur Haut: Es enth\u00e4lt keine synthetischen Emulgatoren, die die Haut austrocknen und entfetten k\u00f6nnen, keine synthetischen Duft-, Farb- und Konservierungsstoffe und keine sch\u00e4umenden Tenside.<\/p>\n","protected":false},"excerpt":{"rendered":"<p>Das Edeltannen Erholungsbad ist, wie alle Bade-Essenzen von Weleda, ganz sanft zur Haut: Es enth\u00e4lt keine synthetischen Emulgatoren, die die Haut austrocknen und entfetten k\u00f6nnen, keine synthetischen Duft-, Farb- und Konservierungsstoffe und keine sch\u00e4umenden Tenside.<\/p>\n","protected":false},"featured_media":28650,"template":"","meta":{"_acf_changed":false},"product_brand":[567],"product_cat":[796],"product_tag":[],"class_list":{"0":"post-28648","1":"product","2":"type-product","3":"status-publish","4":"has-post-thumbnail","6":"product_brand-weleda","7":"product_cat-w","8":"pa_packungsgroesse-200ml","10":"first","11":"instock","12":"shipping-taxable","13":"purchasable","14":"product-type-simple"},"acf":[],"_links":{"self":[{"href":"https:\/\/www.ernstbrunn-apotheke.at\/katalog\/wp-json\/wp\/v2\/product\/28648","targetHints":{"allow":["GET"]}}],"collection":[{"href":"https:\/\/www.ernstbrunn-apotheke.at\/katalog\/wp-json\/wp\/v2\/product"}],"about":[{"href":"https:\/\/www.ernstbrunn-apotheke.at\/katalog\/wp-json\/wp\/v2\/types\/product"}],"wp:featuredmedia":[{"embeddable":true,"href":"https:\/\/www.ernstbrunn-apotheke.at\/katalog\/wp-json\/wp\/v2\/media\/28650"}],"wp:attachment":[{"href":"https:\/\/www.ernstbrunn-apotheke.at\/katalog\/wp-json\/wp\/v2\/media?parent=28648"}],"wp:term":[{"taxonomy":"product_brand","embeddable":true,"href":"https:\/\/www.ernstbrunn-apotheke.at\/katalog\/wp-json\/wp\/v2\/product_brand?post=28648"},{"taxonomy":"product_cat","embeddable":true,"href":"https:\/\/www.ernstbrunn-apotheke.at\/katalog\/wp-json\/wp\/v2\/product_cat?post=28648"},{"taxonomy":"product_tag","embeddable":true,"href":"https:\/\/www.ernstbrunn-apotheke.at\/katalog\/wp-json\/wp\/v2\/product_tag?post=28648"}],"curies":[{"name":"wp","href":"https:\/\/api.w.org\/{rel}","templated":true}]}}